{"id":3428,"date":"2024-08-21T10:10:03","date_gmt":"2024-08-21T10:10:03","guid":{"rendered":"https:\/\/seika-europe.com\/nachrichten\/"},"modified":"2025-01-23T16:52:01","modified_gmt":"2025-01-23T16:52:01","slug":"nachrichten","status":"publish","type":"page","link":"https:\/\/sei.friendventure.dev\/de\/nachrichten\/","title":{"rendered":"Nachrichten"},"content":{"rendered":"\t\t<div data-elementor-type=\"wp-page\" data-elementor-id=\"3428\" class=\"elementor elementor-3428 elementor-259\" data-elementor-post-type=\"page\">\n\t\t\t\t<div class=\"elementor-element elementor-element-a8c61a7 e-con-full e-flex e-con e-parent\" data-id=\"a8c61a7\" data-element_type=\"container\" data-settings=\"{&quot;background_background&quot;:&quot;classic&quot;,&quot;jet_parallax_layout_list&quot;:[]}\">\n\t\t\t\t<div class=\"elementor-element elementor-element-2136844 elementor-widget__width-initial elementor-widget elementor-widget-heading\" data-id=\"2136844\" data-element_type=\"widget\" data-widget_type=\"heading.default\">\n\t\t\t\t<div class=\"elementor-widget-container\">\n\t\t\t\t\t<h2 class=\"elementor-heading-title elementor-size-default\">Nachrichten<\/h2>\t\t\t\t<\/div>\n\t\t\t\t<\/div>\n\t\t\t\t<div class=\"elementor-element elementor-element-d84bab2 elementor-widget__width-initial elementor-widget elementor-widget-text-editor\" data-id=\"d84bab2\" data-element_type=\"widget\" data-widget_type=\"text-editor.default\">\n\t\t\t\t<div class=\"elementor-widget-container\">\n\t\t\t\t\t\t\t\t\t<p><span style=\"white-space-collapse: preserve;\">Aktuelle&nbsp;Neuigkeiten&nbsp;\u00fcber&nbsp;unsere&nbsp;Produkte&nbsp;und&nbsp;Veranstaltungen.<\/span><\/p>\n\t\t\t\t\t\t\t\t<\/div>\n\t\t\t\t<\/div>\n\t\t\t\t<\/div>\n\t\t<div class=\"elementor-element elementor-element-119624b e-flex e-con-boxed e-con e-parent\" data-id=\"119624b\" data-element_type=\"container\" data-settings=\"{&quot;jet_parallax_layout_list&quot;:[]}\">\n\t\t\t\t\t<div class=\"e-con-inner\">\n\t\t\t\t<div class=\"elementor-element elementor-element-6bd32f7 elementor-posts__hover-none elementor-grid-3 elementor-grid-tablet-2 elementor-grid-mobile-1 elementor-posts--thumbnail-top load-more-align-center elementor-widget elementor-widget-posts\" data-id=\"6bd32f7\" data-element_type=\"widget\" data-settings=\"{&quot;cards_row_gap&quot;:{&quot;unit&quot;:&quot;px&quot;,&quot;size&quot;:32,&quot;sizes&quot;:[]},&quot;pagination_type&quot;:&quot;load_more_on_click&quot;,&quot;cards_masonry&quot;:&quot;yes&quot;,&quot;cards_columns&quot;:&quot;3&quot;,&quot;cards_columns_tablet&quot;:&quot;2&quot;,&quot;cards_columns_mobile&quot;:&quot;1&quot;,&quot;cards_row_gap_tablet&quot;:{&quot;unit&quot;:&quot;px&quot;,&quot;size&quot;:&quot;&quot;,&quot;sizes&quot;:[]},&quot;cards_row_gap_mobile&quot;:{&quot;unit&quot;:&quot;px&quot;,&quot;size&quot;:&quot;&quot;,&quot;sizes&quot;:[]},&quot;load_more_spinner&quot;:{&quot;value&quot;:&quot;fas fa-spinner&quot;,&quot;library&quot;:&quot;fa-solid&quot;}}\" data-widget_type=\"posts.cards\">\n\t\t\t\t<div class=\"elementor-widget-container\">\n\t\t\t\t\t\t\t<div class=\"elementor-posts-container elementor-posts elementor-posts--skin-cards elementor-grid\" role=\"list\">\n\t\t\t\t<article class=\"elementor-post elementor-grid-item post-3509 post type-post status-publish format-standard has-post-thumbnail hentry category-unkategorisiert\" role=\"listitem\">\n\t\t\t<div class=\"elementor-post__card\">\n\t\t\t\t<a class=\"elementor-post__thumbnail__link\" href=\"https:\/\/sei.friendventure.dev\/de\/neues-produkt-von-link-us-fuer-das-batteriegeschaeft\/\" tabindex=\"-1\" ><div class=\"elementor-post__thumbnail\"><img fetchpriority=\"high\" decoding=\"async\" width=\"800\" height=\"450\" src=\"https:\/\/sei.friendventure.dev\/wp-content\/uploads\/2024\/10\/link-us-scaled-1-1024x576.jpg\" class=\"attachment-large size-large wp-image-3222\" alt=\"\" srcset=\"https:\/\/sei.friendventure.dev\/wp-content\/uploads\/2024\/10\/link-us-scaled-1-1024x576.jpg 1024w, https:\/\/sei.friendventure.dev\/wp-content\/uploads\/2024\/10\/link-us-scaled-1-300x169.jpg 300w, https:\/\/sei.friendventure.dev\/wp-content\/uploads\/2024\/10\/link-us-scaled-1-768x432.jpg 768w, https:\/\/sei.friendventure.dev\/wp-content\/uploads\/2024\/10\/link-us-scaled-1-1536x864.jpg 1536w, https:\/\/sei.friendventure.dev\/wp-content\/uploads\/2024\/10\/link-us-scaled-1-2048x1152.jpg 2048w\" sizes=\"(max-width: 800px) 100vw, 800px\" \/><\/div><\/a>\n\t\t\t\t<div class=\"elementor-post__text\">\n\t\t\t\t<h3 class=\"elementor-post__title\">\n\t\t\t<a href=\"https:\/\/sei.friendventure.dev\/de\/neues-produkt-von-link-us-fuer-das-batteriegeschaeft\/\" >\n\t\t\t\tNEUES PRODUKT VON LINK-US F\u00dcR DAS BATTERIEGESCH\u00c4FT\t\t\t<\/a>\n\t\t<\/h3>\n\t\t\t\t<div class=\"elementor-post__excerpt\">\n\t\t\t<p>Ultra Sonic Bonding mit COMPLEX Vibration von LINK-US &#8211; Bald verf\u00fcgbar Seika Sangyo freut sich, Ihnen ein neues Produkt in der Kategorie der Klebeger\u00e4te vorstellen zu k\u00f6nnen: Die Ultrasonic Complex Vibration Bonding Machines von LINK-US werden \u00fcber uns f\u00fcr den europ\u00e4ischen Markt angeboten. Diese neue Technologie kann bestehende Probleme beim<\/p>\n\t\t<\/div>\n\t\t\n\t\t<a class=\"elementor-post__read-more\" href=\"https:\/\/sei.friendventure.dev\/de\/neues-produkt-von-link-us-fuer-das-batteriegeschaeft\/\" aria-label=\"Read more about NEUES PRODUKT VON LINK-US F\u00dcR DAS BATTERIEGESCH\u00c4FT\" tabindex=\"-1\" >\n\t\t\tMehr lesen \"\t\t<\/a>\n\n\t\t\t\t<\/div>\n\t\t\t\t\t<\/div>\n\t\t<\/article>\n\t\t\t\t<article class=\"elementor-post elementor-grid-item post-3506 post type-post status-publish format-standard has-post-thumbnail hentry category-unkategorisiert\" role=\"listitem\">\n\t\t\t<div class=\"elementor-post__card\">\n\t\t\t\t<a class=\"elementor-post__thumbnail__link\" href=\"https:\/\/sei.friendventure.dev\/de\/neues-produkt-fuer-die-batterieforschung-vorgeschweisste-knopfzellen\/\" tabindex=\"-1\" ><div class=\"elementor-post__thumbnail\"><img decoding=\"async\" width=\"800\" height=\"517\" src=\"https:\/\/sei.friendventure.dev\/wp-content\/uploads\/2024\/10\/Mixed-1024x662-1-1.jpg\" class=\"attachment-large size-large wp-image-3226\" alt=\"\" srcset=\"https:\/\/sei.friendventure.dev\/wp-content\/uploads\/2024\/10\/Mixed-1024x662-1-1.jpg 1024w, https:\/\/sei.friendventure.dev\/wp-content\/uploads\/2024\/10\/Mixed-1024x662-1-1-300x194.jpg 300w, https:\/\/sei.friendventure.dev\/wp-content\/uploads\/2024\/10\/Mixed-1024x662-1-1-768x497.jpg 768w\" sizes=\"(max-width: 800px) 100vw, 800px\" \/><\/div><\/a>\n\t\t\t\t<div class=\"elementor-post__text\">\n\t\t\t\t<h3 class=\"elementor-post__title\">\n\t\t\t<a href=\"https:\/\/sei.friendventure.dev\/de\/neues-produkt-fuer-die-batterieforschung-vorgeschweisste-knopfzellen\/\" >\n\t\t\t\tNeues Produkt f\u00fcr die Batterieforschung &#8211; Vorgeschwei\u00dfte Knopfzellen\t\t\t<\/a>\n\t\t<\/h3>\n\t\t\t\t<div class=\"elementor-post__excerpt\">\n\t\t\t<p>-Verschiedene Kombinationstypen erh\u00e4ltlich- Als neuen Artikel in unserem Produktportfolio bieten wir nun auch vorgeschwei\u00dfte M\u00fcnzzellenteile von Hohsen an. -Vielf\u00e4ltige Typen verf\u00fcgbar- 2032 Coin Cell CAP vorverschwei\u00dft mit Unterlegscheibe oder Disk Spacer k\u00f6nnen Sie jetzt bei Seika Sangyo f\u00fcr Ihr Batterielabor bestellen. W\u00e4hlen Sie aus verschiedenen Kombinationen von Abstandshaltern und\/oder Wellenscheiben,<\/p>\n\t\t<\/div>\n\t\t\n\t\t<a class=\"elementor-post__read-more\" href=\"https:\/\/sei.friendventure.dev\/de\/neues-produkt-fuer-die-batterieforschung-vorgeschweisste-knopfzellen\/\" aria-label=\"Read more about Neues Produkt f\u00fcr die Batterieforschung &#8211; Vorgeschwei\u00dfte Knopfzellen\" tabindex=\"-1\" >\n\t\t\tMehr lesen \"\t\t<\/a>\n\n\t\t\t\t<\/div>\n\t\t\t\t\t<\/div>\n\t\t<\/article>\n\t\t\t\t<article class=\"elementor-post elementor-grid-item post-3501 post type-post status-publish format-standard has-post-thumbnail hentry category-unkategorisiert\" role=\"listitem\">\n\t\t\t<div class=\"elementor-post__card\">\n\t\t\t\t<a class=\"elementor-post__thumbnail__link\" href=\"https:\/\/sei.friendventure.dev\/de\/seika-hat-das-neue-produkt-2032-coin-cell-case-with-al-cvd-deposited-als-lagerbestand-in-duesseldorf-deutschland-aufgenommen\/\" tabindex=\"-1\" ><div class=\"elementor-post__thumbnail\"><img decoding=\"async\" width=\"458\" height=\"344\" src=\"https:\/\/sei.friendventure.dev\/wp-content\/uploads\/2022\/07\/coin-cells-3.jpg\" class=\"attachment-large size-large wp-image-3227\" alt=\"\" srcset=\"https:\/\/sei.friendventure.dev\/wp-content\/uploads\/2022\/07\/coin-cells-3.jpg 458w, https:\/\/sei.friendventure.dev\/wp-content\/uploads\/2022\/07\/coin-cells-3-300x225.jpg 300w\" sizes=\"(max-width: 458px) 100vw, 458px\" \/><\/div><\/a>\n\t\t\t\t<div class=\"elementor-post__text\">\n\t\t\t\t<h3 class=\"elementor-post__title\">\n\t\t\t<a href=\"https:\/\/sei.friendventure.dev\/de\/seika-hat-das-neue-produkt-2032-coin-cell-case-with-al-cvd-deposited-als-lagerbestand-in-duesseldorf-deutschland-aufgenommen\/\" >\n\t\t\t\tSeika hat das neue Produkt &#8222;2032 Coin Cell Case with Al CVD (Deposited)&#8220; als Lagerbestand in D\u00fcsseldorf, Deutschland aufgenommen!!!\t\t\t<\/a>\n\t\t<\/h3>\n\t\t\t\t<div class=\"elementor-post__excerpt\">\n\t\t\t<p>Seika kann Ihnen 2032 Coin Cell Case with Aluminum CVD (Deposited) ab Lager D\u00fcsseldorf innerhalb von 1 Woche liefern (wenn Sie sich in der EU befinden). Dieses neue Produkt, das von Hohsen Japan \u00fcberwacht wird, hilft Ihnen, Ihre Forschung vielf\u00e4ltiger zu gestalten. *Seika ist offizieller europ\u00e4ischer Distributor von Hohsen, Japan.<\/p>\n\t\t<\/div>\n\t\t\n\t\t<a class=\"elementor-post__read-more\" href=\"https:\/\/sei.friendventure.dev\/de\/seika-hat-das-neue-produkt-2032-coin-cell-case-with-al-cvd-deposited-als-lagerbestand-in-duesseldorf-deutschland-aufgenommen\/\" aria-label=\"Read more about Seika hat das neue Produkt &#8222;2032 Coin Cell Case with Al CVD (Deposited)&#8220; als Lagerbestand in D\u00fcsseldorf, Deutschland aufgenommen!!!\" tabindex=\"-1\" >\n\t\t\tMehr lesen \"\t\t<\/a>\n\n\t\t\t\t<\/div>\n\t\t\t\t\t<\/div>\n\t\t<\/article>\n\t\t\t\t<\/div>\n\t\t\t\t\t<span class=\"e-load-more-spinner\">\n\t\t\t\t<svg aria-hidden=\"true\" class=\"e-font-icon-svg e-fas-spinner\" viewBox=\"0 0 512 512\" xmlns=\"http:\/\/www.w3.org\/2000\/svg\"><path d=\"M304 48c0 26.51-21.49 48-48 48s-48-21.49-48-48 21.49-48 48-48 48 21.49 48 48zm-48 368c-26.51 0-48 21.49-48 48s21.49 48 48 48 48-21.49 48-48-21.49-48-48-48zm208-208c-26.51 0-48 21.49-48 48s21.49 48 48 48 48-21.49 48-48-21.49-48-48-48zM96 256c0-26.51-21.49-48-48-48S0 229.49 0 256s21.49 48 48 48 48-21.49 48-48zm12.922 99.078c-26.51 0-48 21.49-48 48s21.49 48 48 48 48-21.49 48-48c0-26.509-21.491-48-48-48zm294.156 0c-26.51 0-48 21.49-48 48s21.49 48 48 48 48-21.49 48-48c0-26.509-21.49-48-48-48zM108.922 60.922c-26.51 0-48 21.49-48 48s21.49 48 48 48 48-21.49 48-48-21.491-48-48-48z\"><\/path><\/svg>\t\t\t<\/span>\n\t\t\n\t\t\t\t\t\t<\/div>\n\t\t\t\t<\/div>\n\t\t\t\t\t<\/div>\n\t\t\t\t<\/div>\n\t\t\t\t<\/div>\n\t\t","protected":false},"excerpt":{"rendered":"<p>Nachrichten Aktuelle&nbsp;Neuigkeiten&nbsp;\u00fcber&nbsp;unsere&nbsp;Produkte&nbsp;und&nbsp;Veranstaltungen.<\/p>\n","protected":false},"author":5,"featured_media":0,"parent":0,"menu_order":0,"comment_status":"closed","ping_status":"closed","template":"elementor_header_footer","meta":{"footnotes":""},"class_list":["post-3428","page","type-page","status-publish","hentry"],"_links":{"self":[{"href":"https:\/\/sei.friendventure.dev\/de\/wp-json\/wp\/v2\/pages\/3428"}],"collection":[{"href":"https:\/\/sei.friendventure.dev\/de\/wp-json\/wp\/v2\/pages"}],"about":[{"href":"https:\/\/sei.friendventure.dev\/de\/wp-json\/wp\/v2\/types\/page"}],"author":[{"embeddable":true,"href":"https:\/\/sei.friendventure.dev\/de\/wp-json\/wp\/v2\/users\/5"}],"replies":[{"embeddable":true,"href":"https:\/\/sei.friendventure.dev\/de\/wp-json\/wp\/v2\/comments?post=3428"}],"version-history":[{"count":1,"href":"https:\/\/sei.friendventure.dev\/de\/wp-json\/wp\/v2\/pages\/3428\/revisions"}],"predecessor-version":[{"id":3429,"href":"https:\/\/sei.friendventure.dev\/de\/wp-json\/wp\/v2\/pages\/3428\/revisions\/3429"}],"wp:attachment":[{"href":"https:\/\/sei.friendventure.dev\/de\/wp-json\/wp\/v2\/media?parent=3428"}],"curies":[{"name":"wp","href":"https:\/\/api.w.org\/{rel}","templated":true}]}}