{"id":3430,"date":"2024-08-26T07:56:25","date_gmt":"2024-08-26T07:56:25","guid":{"rendered":"https:\/\/seika-europe.com\/impressum\/"},"modified":"2025-01-23T16:52:02","modified_gmt":"2025-01-23T16:52:02","slug":"impressum","status":"publish","type":"page","link":"https:\/\/sei.friendventure.dev\/de\/impressum\/","title":{"rendered":"Impressum"},"content":{"rendered":"\t\t<div data-elementor-type=\"wp-page\" data-elementor-id=\"3430\" class=\"elementor elementor-3430 elementor-301\" data-elementor-post-type=\"page\">\n\t\t\t\t<div class=\"elementor-element elementor-element-0c041e1 e-flex e-con-boxed e-con e-parent\" data-id=\"0c041e1\" data-element_type=\"container\" data-settings=\"{&quot;jet_parallax_layout_list&quot;:[]}\">\n\t\t\t\t\t<div class=\"e-con-inner\">\n\t\t\t\t<div class=\"elementor-element elementor-element-3a1020c elementor-widget elementor-widget-heading\" data-id=\"3a1020c\" data-element_type=\"widget\" data-widget_type=\"heading.default\">\n\t\t\t\t<div class=\"elementor-widget-container\">\n\t\t\t\t\t<h1 class=\"elementor-heading-title elementor-size-default\">Impressum<\/h1>\t\t\t\t<\/div>\n\t\t\t\t<\/div>\n\t\t\t\t<div class=\"elementor-element elementor-element-40f33d0 elementor-widget elementor-widget-text-editor\" data-id=\"40f33d0\" data-element_type=\"widget\" data-widget_type=\"text-editor.default\">\n\t\t\t\t<div class=\"elementor-widget-container\">\n\t\t\t\t\t\t\t\t\t<p><strong>Seika Sangyo GmbH<\/strong><\/p>\n<p><strong>Adresse:<\/strong><br \/>Wahlerstr. 10<br \/>40472 D\u00fcsseldorf<br \/>Deutschland<\/p>\n<p><strong>Gesch\u00e4ftsf\u00fchrende Direktoren:<\/strong> Takeshi Ujino, Tomohiro Hirano<\/p>\n<p>Telefon: +49 (0)211-4158-0<br \/>Fax: +49 (0)211-4 79 14 28 <br \/>team@seika-germany.com<\/p>\n<p>UST-ID: DE 1 21 30 78 17<br \/>Handelsregister: D\u00fcsseldorf HRB 4262<\/p>\n<p><strong>Haftungshinweis:<\/strong><br \/>Trotz sorgf\u00e4ltiger inhaltlicher Kontrolle \u00fcbernehmen wir keine Haftung f\u00fcr die Inhalte externer Links. F\u00fcr den Inhalt der verlinkten Seiten sind ausschlie\u00dflich die jeweiligen Betreiber verantwortlich.<\/p>\n\t\t\t\t\t\t\t\t<\/div>\n\t\t\t\t<\/div>\n\t\t\t\t\t<\/div>\n\t\t\t\t<\/div>\n\t\t\t\t<\/div>\n\t\t","protected":false},"excerpt":{"rendered":"<p>Impressum Seika Sangyo GmbH Adresse:Wahlerstr. 1040472 D\u00fcsseldorfDeutschland Gesch\u00e4ftsf\u00fchrende Direktoren: Takeshi Ujino, Tomohiro Hirano Telefon: +49 (0)211-4158-0Fax: +49 (0)211-4 79 14 28 team@seika-germany.com UST-ID: DE 1 21 30 78 17Handelsregister: D\u00fcsseldorf HRB 4262 Haftungshinweis:Trotz sorgf\u00e4ltiger inhaltlicher Kontrolle \u00fcbernehmen wir keine Haftung f\u00fcr die Inhalte externer Links. F\u00fcr den Inhalt der verlinkten Seiten sind ausschlie\u00dflich die jeweiligen [&hellip;]<\/p>\n","protected":false},"author":5,"featured_media":0,"parent":0,"menu_order":0,"comment_status":"closed","ping_status":"closed","template":"elementor_header_footer","meta":{"footnotes":""},"class_list":["post-3430","page","type-page","status-publish","hentry"],"_links":{"self":[{"href":"https:\/\/sei.friendventure.dev\/de\/wp-json\/wp\/v2\/pages\/3430"}],"collection":[{"href":"https:\/\/sei.friendventure.dev\/de\/wp-json\/wp\/v2\/pages"}],"about":[{"href":"https:\/\/sei.friendventure.dev\/de\/wp-json\/wp\/v2\/types\/page"}],"author":[{"embeddable":true,"href":"https:\/\/sei.friendventure.dev\/de\/wp-json\/wp\/v2\/users\/5"}],"replies":[{"embeddable":true,"href":"https:\/\/sei.friendventure.dev\/de\/wp-json\/wp\/v2\/comments?post=3430"}],"version-history":[{"count":1,"href":"https:\/\/sei.friendventure.dev\/de\/wp-json\/wp\/v2\/pages\/3430\/revisions"}],"predecessor-version":[{"id":3433,"href":"https:\/\/sei.friendventure.dev\/de\/wp-json\/wp\/v2\/pages\/3430\/revisions\/3433"}],"wp:attachment":[{"href":"https:\/\/sei.friendventure.dev\/de\/wp-json\/wp\/v2\/media?parent=3430"}],"curies":[{"name":"wp","href":"https:\/\/api.w.org\/{rel}","templated":true}]}}