{"id":3432,"date":"2024-08-21T08:17:39","date_gmt":"2024-08-21T08:17:39","guid":{"rendered":"https:\/\/seika-europe.com\/ueber-uns\/"},"modified":"2025-08-26T14:47:09","modified_gmt":"2025-08-26T14:47:09","slug":"ueber-uns","status":"publish","type":"page","link":"https:\/\/sei.friendventure.dev\/de\/ueber-uns\/","title":{"rendered":"\u00dcber uns"},"content":{"rendered":"\t\t<div data-elementor-type=\"wp-page\" data-elementor-id=\"3432\" class=\"elementor elementor-3432 elementor-210\" data-elementor-post-type=\"page\">\n\t\t\t\t<div class=\"elementor-element elementor-element-a8c61a7 e-con-full e-flex e-con e-parent\" data-id=\"a8c61a7\" data-element_type=\"container\" data-settings=\"{&quot;background_background&quot;:&quot;classic&quot;,&quot;jet_parallax_layout_list&quot;:[]}\">\n\t\t\t\t<div class=\"elementor-element elementor-element-2136844 elementor-widget__width-initial elementor-widget elementor-widget-heading\" data-id=\"2136844\" data-element_type=\"widget\" data-widget_type=\"heading.default\">\n\t\t\t\t<div class=\"elementor-widget-container\">\n\t\t\t\t\t<h2 class=\"elementor-heading-title elementor-size-default\">\u00dcber uns<\/h2>\t\t\t\t<\/div>\n\t\t\t\t<\/div>\n\t\t\t\t<div class=\"elementor-element elementor-element-d84bab2 elementor-widget__width-initial elementor-widget elementor-widget-text-editor\" data-id=\"d84bab2\" data-element_type=\"widget\" data-widget_type=\"text-editor.default\">\n\t\t\t\t<div class=\"elementor-widget-container\">\n\t\t\t\t\t\t\t\t\t<p>Wir sind Experten f\u00fcr die Lieferung von hochwertigen Industriemaschinen, die auf die unterschiedlichen Bed\u00fcrfnisse unserer Kunden zugeschnitten sind. Mit unserer umfassenden Branchenkenntnis und unserem Engagement f\u00fcr Spitzenleistungen sorgen wir f\u00fcr innovative L\u00f6sungen und zuverl\u00e4ssige Unterst\u00fctzung, um Ihr Unternehmen voranzubringen.<\/p>\t\t\t\t\t\t\t\t<\/div>\n\t\t\t\t<\/div>\n\t\t\t\t<\/div>\n\t\t<div class=\"elementor-element elementor-element-69d2c5c e-flex e-con-boxed e-con e-parent\" data-id=\"69d2c5c\" data-element_type=\"container\" data-settings=\"{&quot;jet_parallax_layout_list&quot;:[]}\">\n\t\t\t\t\t<div class=\"e-con-inner\">\n\t\t<div class=\"elementor-element elementor-element-a7272d7 e-con-full e-flex e-con e-child\" data-id=\"a7272d7\" data-element_type=\"container\" data-settings=\"{&quot;jet_parallax_layout_list&quot;:[]}\">\n\t\t\t\t<div class=\"elementor-element elementor-element-9476be4 elementor-widget elementor-widget-heading\" data-id=\"9476be4\" data-element_type=\"widget\" data-widget_type=\"heading.default\">\n\t\t\t\t<div class=\"elementor-widget-container\">\n\t\t\t\t\t<h2 class=\"elementor-heading-title elementor-size-default\">Seika Sangyo Hauptsitz in D\u00fcsseldorf<\/h2>\t\t\t\t<\/div>\n\t\t\t\t<\/div>\n\t\t\t\t<div class=\"elementor-element elementor-element-8e500a9 elementor-widget elementor-widget-text-editor\" data-id=\"8e500a9\" data-element_type=\"widget\" data-widget_type=\"text-editor.default\">\n\t\t\t\t<div class=\"elementor-widget-container\">\n\t\t\t\t\t\t\t\t\t<p><strong>SEIKA SANGYO GmbH<\/strong> ist eine Tochtergesellschaft der Seika Corporation, Japan. Wir wurden 1974 gegr\u00fcndet und haben unseren Sitz in D\u00fcsseldorf, Deutschland. Wir haben uns auf die Vermarktung, den Vertrieb und den Kundendienst von Hightech-Industrieprodukten, Maschinen und Produktionsanlagen spezialisiert.<\/p><p>Mit unserem umfangreichen H\u00e4ndlernetz sind wir in ganz Europa t\u00e4tig und bieten unseren Kunden ma\u00dfgeschneiderte L\u00f6sungen. Im Laufe der Jahre haben wir enge Beziehungen zu f\u00fchrenden Maschinen- und Technologielieferanten sowie zu unseren gesch\u00e4tzten Kunden in der Automobil-, Bau-, Maschinen- und Elektronikindustrie aufgebaut.<\/p><p>Unsere Muttergesellschaft, die Seika Corporation, wurde 1947 gegr\u00fcndet und besch\u00e4ftigt 1.200 Mitarbeiter in 27 Niederlassungen weltweit. F\u00fcr weitere Informationen besuchen Sie bitte unsere Seite <strong>Globales Netzwerk<\/strong>.<\/p>\t\t\t\t\t\t\t\t<\/div>\n\t\t\t\t<\/div>\n\t\t\t\t<\/div>\n\t\t<div class=\"elementor-element elementor-element-cbf9340 e-con-full e-flex e-con e-child\" data-id=\"cbf9340\" data-element_type=\"container\" data-settings=\"{&quot;jet_parallax_layout_list&quot;:[]}\">\n\t\t\t\t<div class=\"elementor-element elementor-element-b795a57 elementor-widget elementor-widget-image\" data-id=\"b795a57\" data-element_type=\"widget\" data-widget_type=\"image.default\">\n\t\t\t\t<div class=\"elementor-widget-container\">\n\t\t\t\t\t\t\t\t\t\t\t\t\t\t\t<img fetchpriority=\"high\" decoding=\"async\" width=\"500\" height=\"375\" src=\"https:\/\/sei.friendventure.dev\/wp-content\/uploads\/2024\/08\/AboutUs_HQSeika.jpg\" class=\"attachment-large size-large wp-image-3136\" alt=\"\" srcset=\"https:\/\/sei.friendventure.dev\/wp-content\/uploads\/2024\/08\/AboutUs_HQSeika.jpg 500w, https:\/\/sei.friendventure.dev\/wp-content\/uploads\/2024\/08\/AboutUs_HQSeika-300x225.jpg 300w\" sizes=\"(max-width: 500px) 100vw, 500px\" \/>\t\t\t\t\t\t\t\t\t\t\t\t\t\t\t<\/div>\n\t\t\t\t<\/div>\n\t\t\t\t<\/div>\n\t\t\t\t\t<\/div>\n\t\t\t\t<\/div>\n\t\t<div class=\"elementor-element elementor-element-e61a3bd e-flex e-con-boxed e-con e-parent\" data-id=\"e61a3bd\" data-element_type=\"container\" data-settings=\"{&quot;jet_parallax_layout_list&quot;:[]}\">\n\t\t\t\t\t<div class=\"e-con-inner\">\n\t\t\t\t<div class=\"elementor-element elementor-element-7534534 elementor-widget elementor-widget-heading\" data-id=\"7534534\" data-element_type=\"widget\" data-widget_type=\"heading.default\">\n\t\t\t\t<div class=\"elementor-widget-container\">\n\t\t\t\t\t<h2 class=\"elementor-heading-title elementor-size-default\">Unsere Geschichte<\/h2>\t\t\t\t<\/div>\n\t\t\t\t<\/div>\n\t\t\t\t<div class=\"elementor-element elementor-element-562186c elementor-widget elementor-widget-text-editor\" data-id=\"562186c\" data-element_type=\"widget\" data-widget_type=\"text-editor.default\">\n\t\t\t\t<div class=\"elementor-widget-container\">\n\t\t\t\t\t\t\t\t\t<p>Die SEIKA-Vertretung in D\u00fcsseldorf wurde 1954 gegr\u00fcndet und markierte den Beginn einer starken und dauerhaften Pr\u00e4senz auf dem Kontinent. Infolgedessen wurde 1974 die SEIKA SANGYO GmbH gegr\u00fcndet, die unsere Position als zuverl\u00e4ssiger Anbieter fortschrittlicher industrieller L\u00f6sungen in ganz Europa weiter st\u00e4rkte. Mit dem Erbe unserer Muttergesellschaft im R\u00fccken haben wir starke Partnerschaften aufgebaut und uns einen Ruf f\u00fcr Zuverl\u00e4ssigkeit, Innovation und hervorragende Leistungen erworben.<\/p>\t\t\t\t\t\t\t\t<\/div>\n\t\t\t\t<\/div>\n\t\t\t\t\t<\/div>\n\t\t\t\t<\/div>\n\t\t<div class=\"elementor-element elementor-element-1fbdc7b e-flex e-con-boxed e-con e-parent\" data-id=\"1fbdc7b\" data-element_type=\"container\" data-settings=\"{&quot;jet_parallax_layout_list&quot;:[]}\">\n\t\t\t\t\t<div class=\"e-con-inner\">\n\t\t\t\t<div class=\"elementor-element elementor-element-3e1839d elementor-widget elementor-widget-jet-horizontal-timeline\" data-id=\"3e1839d\" data-element_type=\"widget\" data-settings=\"{&quot;columns&quot;:3,&quot;columns_tablet&quot;:2,&quot;columns_mobile&quot;:1,&quot;slides_to_scroll&quot;:&quot;1&quot;}\" data-widget_type=\"jet-horizontal-timeline.default\">\n\t\t\t\t<div class=\"elementor-widget-container\">\n\t\t\t\t\t<div class=\"elementor-jet-horizontal-timeline jet-elements\">\n<div class=\"jet-hor-timeline jet-hor-timeline--layout-bottom jet-hor-timeline--align-left jet-hor-timeline--arrows-nav\">\n\t<div class=\"jet-hor-timeline-inner\">\n\t\t<div class=\"jet-hor-timeline-track\">\n\t\t\t<div class=\"jet-hor-timeline-list jet-hor-timeline-list--top\">\n<div class=\"jet-hor-timeline-item elementor-repeater-item-6e2e9fc is-active\" data-item-id=\"6e2e9fc\">\n\t<div class=\"jet-hor-timeline-item__meta\">1947<\/div><\/div>\n\n<div class=\"jet-hor-timeline-item elementor-repeater-item-2e2aaaf\" data-item-id=\"2e2aaaf\">\n\t<div class=\"jet-hor-timeline-item__meta\">1948-1951<\/div><\/div>\n\n<div class=\"jet-hor-timeline-item elementor-repeater-item-081c769\" data-item-id=\"081c769\">\n\t<div class=\"jet-hor-timeline-item__meta\">1954<\/div><\/div>\n\n<div class=\"jet-hor-timeline-item elementor-repeater-item-f8475bb\" data-item-id=\"f8475bb\">\n\t<div class=\"jet-hor-timeline-item__meta\">1961<\/div><\/div>\n\n<div class=\"jet-hor-timeline-item elementor-repeater-item-423e852\" data-item-id=\"423e852\">\n\t<div class=\"jet-hor-timeline-item__meta\">1974<\/div><\/div>\n\n<div class=\"jet-hor-timeline-item elementor-repeater-item-80648c2\" data-item-id=\"80648c2\">\n\t<div class=\"jet-hor-timeline-item__meta\">1983<\/div><\/div>\n\n<div class=\"jet-hor-timeline-item elementor-repeater-item-31fa225\" data-item-id=\"31fa225\">\n\t<div class=\"jet-hor-timeline-item__meta\">2016<\/div><\/div>\n\n<div class=\"jet-hor-timeline-item elementor-repeater-item-68d8b0f\" data-item-id=\"68d8b0f\">\n\t<div class=\"jet-hor-timeline-item__meta\">2024<\/div><\/div>\n<\/div>\t\t\t<div class=\"jet-hor-timeline-list jet-hor-timeline-list--middle\">\n\t<div class=\"jet-hor-timeline__line\"><\/div>\n\n<div class=\"jet-hor-timeline-item elementor-repeater-item-6e2e9fc is-active\" data-item-id=\"6e2e9fc\">\n\t<div class=\"jet-hor-timeline-item__point\"><div class=\"jet-hor-timeline-item__point-content\"><span class=\"jet-elements-icon\"><svg aria-hidden=\"true\" class=\"e-font-icon-svg e-fas-check\" viewBox=\"0 0 512 512\" xmlns=\"http:\/\/www.w3.org\/2000\/svg\"><path d=\"M173.898 439.404l-166.4-166.4c-9.997-9.997-9.997-26.206 0-36.204l36.203-36.204c9.997-9.998 26.207-9.998 36.204 0L192 312.69 432.095 72.596c9.997-9.997 26.207-9.997 36.204 0l36.203 36.204c9.997 9.997 9.997 26.206 0 36.204l-294.4 294.401c-9.998 9.997-26.207 9.997-36.204-.001z\"><\/path><\/svg><\/span><\/div><\/div><\/div>\n\n<div class=\"jet-hor-timeline-item elementor-repeater-item-2e2aaaf\" data-item-id=\"2e2aaaf\">\n\t<div class=\"jet-hor-timeline-item__point\"><div class=\"jet-hor-timeline-item__point-content\"><span class=\"jet-elements-icon\"><svg aria-hidden=\"true\" class=\"e-font-icon-svg e-fas-check\" viewBox=\"0 0 512 512\" xmlns=\"http:\/\/www.w3.org\/2000\/svg\"><path d=\"M173.898 439.404l-166.4-166.4c-9.997-9.997-9.997-26.206 0-36.204l36.203-36.204c9.997-9.998 26.207-9.998 36.204 0L192 312.69 432.095 72.596c9.997-9.997 26.207-9.997 36.204 0l36.203 36.204c9.997 9.997 9.997 26.206 0 36.204l-294.4 294.401c-9.998 9.997-26.207 9.997-36.204-.001z\"><\/path><\/svg><\/span><\/div><\/div><\/div>\n\n<div class=\"jet-hor-timeline-item elementor-repeater-item-081c769\" data-item-id=\"081c769\">\n\t<div class=\"jet-hor-timeline-item__point\"><div class=\"jet-hor-timeline-item__point-content\"><span class=\"jet-elements-icon\"><svg aria-hidden=\"true\" class=\"e-font-icon-svg e-fas-check\" viewBox=\"0 0 512 512\" xmlns=\"http:\/\/www.w3.org\/2000\/svg\"><path d=\"M173.898 439.404l-166.4-166.4c-9.997-9.997-9.997-26.206 0-36.204l36.203-36.204c9.997-9.998 26.207-9.998 36.204 0L192 312.69 432.095 72.596c9.997-9.997 26.207-9.997 36.204 0l36.203 36.204c9.997 9.997 9.997 26.206 0 36.204l-294.4 294.401c-9.998 9.997-26.207 9.997-36.204-.001z\"><\/path><\/svg><\/span><\/div><\/div><\/div>\n\n<div class=\"jet-hor-timeline-item elementor-repeater-item-f8475bb\" data-item-id=\"f8475bb\">\n\t<div class=\"jet-hor-timeline-item__point\"><div class=\"jet-hor-timeline-item__point-content\"><span class=\"jet-elements-icon\"><svg aria-hidden=\"true\" class=\"e-font-icon-svg e-fas-check\" viewBox=\"0 0 512 512\" xmlns=\"http:\/\/www.w3.org\/2000\/svg\"><path d=\"M173.898 439.404l-166.4-166.4c-9.997-9.997-9.997-26.206 0-36.204l36.203-36.204c9.997-9.998 26.207-9.998 36.204 0L192 312.69 432.095 72.596c9.997-9.997 26.207-9.997 36.204 0l36.203 36.204c9.997 9.997 9.997 26.206 0 36.204l-294.4 294.401c-9.998 9.997-26.207 9.997-36.204-.001z\"><\/path><\/svg><\/span><\/div><\/div><\/div>\n\n<div class=\"jet-hor-timeline-item elementor-repeater-item-423e852\" data-item-id=\"423e852\">\n\t<div class=\"jet-hor-timeline-item__point\"><div class=\"jet-hor-timeline-item__point-content\"><span class=\"jet-elements-icon\"><svg aria-hidden=\"true\" class=\"e-font-icon-svg e-fas-check\" viewBox=\"0 0 512 512\" xmlns=\"http:\/\/www.w3.org\/2000\/svg\"><path d=\"M173.898 439.404l-166.4-166.4c-9.997-9.997-9.997-26.206 0-36.204l36.203-36.204c9.997-9.998 26.207-9.998 36.204 0L192 312.69 432.095 72.596c9.997-9.997 26.207-9.997 36.204 0l36.203 36.204c9.997 9.997 9.997 26.206 0 36.204l-294.4 294.401c-9.998 9.997-26.207 9.997-36.204-.001z\"><\/path><\/svg><\/span><\/div><\/div><\/div>\n\n<div class=\"jet-hor-timeline-item elementor-repeater-item-80648c2\" data-item-id=\"80648c2\">\n\t<div class=\"jet-hor-timeline-item__point\"><div class=\"jet-hor-timeline-item__point-content\"><span class=\"jet-elements-icon\"><svg aria-hidden=\"true\" class=\"e-font-icon-svg e-fas-check\" viewBox=\"0 0 512 512\" xmlns=\"http:\/\/www.w3.org\/2000\/svg\"><path d=\"M173.898 439.404l-166.4-166.4c-9.997-9.997-9.997-26.206 0-36.204l36.203-36.204c9.997-9.998 26.207-9.998 36.204 0L192 312.69 432.095 72.596c9.997-9.997 26.207-9.997 36.204 0l36.203 36.204c9.997 9.997 9.997 26.206 0 36.204l-294.4 294.401c-9.998 9.997-26.207 9.997-36.204-.001z\"><\/path><\/svg><\/span><\/div><\/div><\/div>\n\n<div class=\"jet-hor-timeline-item elementor-repeater-item-31fa225\" data-item-id=\"31fa225\">\n\t<div class=\"jet-hor-timeline-item__point\"><div class=\"jet-hor-timeline-item__point-content\"><span class=\"jet-elements-icon\"><svg aria-hidden=\"true\" class=\"e-font-icon-svg e-fas-check\" viewBox=\"0 0 512 512\" xmlns=\"http:\/\/www.w3.org\/2000\/svg\"><path d=\"M173.898 439.404l-166.4-166.4c-9.997-9.997-9.997-26.206 0-36.204l36.203-36.204c9.997-9.998 26.207-9.998 36.204 0L192 312.69 432.095 72.596c9.997-9.997 26.207-9.997 36.204 0l36.203 36.204c9.997 9.997 9.997 26.206 0 36.204l-294.4 294.401c-9.998 9.997-26.207 9.997-36.204-.001z\"><\/path><\/svg><\/span><\/div><\/div><\/div>\n\n<div class=\"jet-hor-timeline-item elementor-repeater-item-68d8b0f\" data-item-id=\"68d8b0f\">\n\t<div class=\"jet-hor-timeline-item__point\"><div class=\"jet-hor-timeline-item__point-content\"><span class=\"jet-elements-icon\"><svg aria-hidden=\"true\" class=\"e-font-icon-svg e-fas-check\" viewBox=\"0 0 512 512\" xmlns=\"http:\/\/www.w3.org\/2000\/svg\"><path d=\"M173.898 439.404l-166.4-166.4c-9.997-9.997-9.997-26.206 0-36.204l36.203-36.204c9.997-9.998 26.207-9.998 36.204 0L192 312.69 432.095 72.596c9.997-9.997 26.207-9.997 36.204 0l36.203 36.204c9.997 9.997 9.997 26.206 0 36.204l-294.4 294.401c-9.998 9.997-26.207 9.997-36.204-.001z\"><\/path><\/svg><\/span><\/div><\/div><\/div>\n<\/div>\t\t\t<div class=\"jet-hor-timeline-list jet-hor-timeline-list--bottom\">\n<div class=\"jet-hor-timeline-item elementor-repeater-item-6e2e9fc is-active\" data-item-id=\"6e2e9fc\">\n\t\n<div class=\"jet-hor-timeline-item__card\">\n\t<div class=\"jet-hor-timeline-item__card-inner\">\n\t\t<div class=\"jet-hor-timeline-item__card-img\"><img decoding=\"async\" width=\"800\" height=\"648\" src=\"https:\/\/sei.friendventure.dev\/wp-content\/uploads\/2024\/10\/late-19th-century-photograph-moji-harbour-now-moji-ku-a-ward-of-the-city-of-kitakysh-in-fukuoka-prefecture-japan-c1880s-2EA39TN-1024x829.jpg\" class=\"attachment-large size-large wp-image-1230\" alt=\"\" srcset=\"https:\/\/sei.friendventure.dev\/wp-content\/uploads\/2024\/10\/late-19th-century-photograph-moji-harbour-now-moji-ku-a-ward-of-the-city-of-kitakysh-in-fukuoka-prefecture-japan-c1880s-2EA39TN-1024x829.jpg 1024w, https:\/\/sei.friendventure.dev\/wp-content\/uploads\/2024\/10\/late-19th-century-photograph-moji-harbour-now-moji-ku-a-ward-of-the-city-of-kitakysh-in-fukuoka-prefecture-japan-c1880s-2EA39TN-300x243.jpg 300w, https:\/\/sei.friendventure.dev\/wp-content\/uploads\/2024\/10\/late-19th-century-photograph-moji-harbour-now-moji-ku-a-ward-of-the-city-of-kitakysh-in-fukuoka-prefecture-japan-c1880s-2EA39TN-768x621.jpg 768w, https:\/\/sei.friendventure.dev\/wp-content\/uploads\/2024\/10\/late-19th-century-photograph-moji-harbour-now-moji-ku-a-ward-of-the-city-of-kitakysh-in-fukuoka-prefecture-japan-c1880s-2EA39TN.jpg 1300w\" sizes=\"(max-width: 800px) 100vw, 800px\" \/><\/div><div class=\"jet-hor-timeline-item__card-desc\">Die SEIKA Corporation wurde in der Stadt Moji in der Pr\u00e4fektur Fukuoka in Japan gegr\u00fcndet.<\/div>\t<\/div>\n\t<\/div>\n<\/div>\n\n<div class=\"jet-hor-timeline-item elementor-repeater-item-2e2aaaf\" data-item-id=\"2e2aaaf\">\n\t\n<div class=\"jet-hor-timeline-item__card\">\n\t<div class=\"jet-hor-timeline-item__card-inner\">\n\t\t<div class=\"jet-hor-timeline-item__card-desc\">Seika Corporation expandiert das Gesch\u00e4ft und die Niederlassungen in ganz Japan (Nagasaki, Fukuoka, Osaka, Hiroshima, Tokyo und Takamatsu)<\/div>\t<\/div>\n\t<\/div>\n<\/div>\n\n<div class=\"jet-hor-timeline-item elementor-repeater-item-081c769\" data-item-id=\"081c769\">\n\t\n<div class=\"jet-hor-timeline-item__card\">\n\t<div class=\"jet-hor-timeline-item__card-inner\">\n\t\t<div class=\"jet-hor-timeline-item__card-img\"><img decoding=\"async\" width=\"320\" height=\"472\" src=\"https:\/\/sei.friendventure.dev\/wp-content\/uploads\/2024\/10\/Unbenannt.png\" class=\"attachment-large size-large wp-image-1231\" alt=\"\" srcset=\"https:\/\/sei.friendventure.dev\/wp-content\/uploads\/2024\/10\/Unbenannt.png 320w, https:\/\/sei.friendventure.dev\/wp-content\/uploads\/2024\/10\/Unbenannt-203x300.png 203w\" sizes=\"(max-width: 320px) 100vw, 320px\" \/><\/div><div class=\"jet-hor-timeline-item__card-desc\">SEIKA er\u00f6ffnet ein Verkaufsb\u00fcro in D\u00fcsseldorf, Deutschland. SEIKA war eines der ersten japanischen Unternehmen, das mit dem Export von Industriemaschinen aus Deutschland nach Japan begann.<\/div>\t<\/div>\n\t<\/div>\n<\/div>\n\n<div class=\"jet-hor-timeline-item elementor-repeater-item-f8475bb\" data-item-id=\"f8475bb\">\n\t\n<div class=\"jet-hor-timeline-item__card\">\n\t<div class=\"jet-hor-timeline-item__card-inner\">\n\t\t<div class=\"jet-hor-timeline-item__card-desc\">SEIKA Corporation wurde in der ersten Sektion der Tokioter B\u00f6rse gelistet.<\/div>\t<\/div>\n\t<\/div>\n<\/div>\n\n<div class=\"jet-hor-timeline-item elementor-repeater-item-423e852\" data-item-id=\"423e852\">\n\t\n<div class=\"jet-hor-timeline-item__card\">\n\t<div class=\"jet-hor-timeline-item__card-inner\">\n\t\t<div class=\"jet-hor-timeline-item__card-desc\">Die SEIKA SANGYO GmbH wurde in D\u00fcsseldorf gegr\u00fcndet.<\/div>\t<\/div>\n\t<\/div>\n<\/div>\n\n<div class=\"jet-hor-timeline-item elementor-repeater-item-80648c2\" data-item-id=\"80648c2\">\n\t\n<div class=\"jet-hor-timeline-item__card\">\n\t<div class=\"jet-hor-timeline-item__card-inner\">\n\t\t<div class=\"jet-hor-timeline-item__card-desc\">Die Tsurumi Europe GmbH wurde als Joint Venture mit Tsurumi Mfg. Co., Ltd Japan.<\/div>\t<\/div>\n\t<\/div>\n<\/div>\n\n<div class=\"jet-hor-timeline-item elementor-repeater-item-31fa225\" data-item-id=\"31fa225\">\n\t\n<div class=\"jet-hor-timeline-item__card\">\n\t<div class=\"jet-hor-timeline-item__card-inner\">\n\t\t<div class=\"jet-hor-timeline-item__card-img\"><img loading=\"lazy\" decoding=\"async\" width=\"300\" height=\"225\" src=\"https:\/\/sei.friendventure.dev\/wp-content\/uploads\/2024\/08\/AboutUs_HQSeika-300x225.jpg\" class=\"attachment-medium size-medium wp-image-216\" alt=\"\" srcset=\"https:\/\/sei.friendventure.dev\/wp-content\/uploads\/2024\/08\/AboutUs_HQSeika-300x225.jpg 300w, https:\/\/sei.friendventure.dev\/wp-content\/uploads\/2024\/08\/AboutUs_HQSeika.jpg 500w\" sizes=\"(max-width: 300px) 100vw, 300px\" \/><\/div><div class=\"jet-hor-timeline-item__card-desc\">Infolge der Gesch\u00e4ftsausweitung wurde die SEIKA SANGYO GmbH in ein neues B\u00fcro in der Wahlerstra\u00dfe in D\u00fcsseldorf verlegt  <\/div>\t<\/div>\n\t<\/div>\n<\/div>\n\n<div class=\"jet-hor-timeline-item elementor-repeater-item-68d8b0f\" data-item-id=\"68d8b0f\">\n\t\n<div class=\"jet-hor-timeline-item__card\">\n\t<div class=\"jet-hor-timeline-item__card-inner\">\n\t\t<div class=\"jet-hor-timeline-item__card-img\"><img loading=\"lazy\" decoding=\"async\" width=\"350\" height=\"370\" src=\"https:\/\/sei.friendventure.dev\/wp-content\/uploads\/2024\/10\/50JahreLogo.png\" class=\"attachment-large size-large wp-image-1235\" alt=\"\" srcset=\"https:\/\/sei.friendventure.dev\/wp-content\/uploads\/2024\/10\/50JahreLogo.png 350w, https:\/\/sei.friendventure.dev\/wp-content\/uploads\/2024\/10\/50JahreLogo-284x300.png 284w\" sizes=\"(max-width: 350px) 100vw, 350px\" \/><\/div><div class=\"jet-hor-timeline-item__card-desc\">Die SEIKA SANGYO GmbH feierte ihr 50-j\u00e4hriges Bestehen und kontinuierliche erfolgreiche Gesch\u00e4fte in ganz Europa.<\/div>\t<\/div>\n\t<\/div>\n<\/div>\n<\/div>\t\t<\/div>\n\t<\/div>\n\t<i class=\"jet-arrow jet-prev-arrow jet-arrow-disabled\"><svg width=\"24\" height=\"24\" viewBox=\"0 0 24 24\" fill=\"none\" xmlns=\"http:\/\/www.w3.org\/2000\/svg\"><path d=\"M16.4 1.4499L18.4 3.4749L9.82502 12.0499L18.4 20.6249L16.4 22.6499L5.80002 12.0499L16.4 1.4499Z\" fill=\"#0F172A\"\/><\/svg><\/i><i class=\"jet-arrow jet-next-arrow\"><svg width=\"24\" height=\"24\" viewBox=\"0 0 24 24\" fill=\"none\" xmlns=\"http:\/\/www.w3.org\/2000\/svg\"><path d=\"M7.59998 22.5501L5.59998 20.5251L14.175 11.9501L5.59998 3.3751L7.59998 1.3501L18.2 11.9501L7.59998 22.5501Z\" fill=\"#0F172A\"\/><\/svg><\/i><\/div><\/div>\t\t\t\t<\/div>\n\t\t\t\t<\/div>\n\t\t\t\t\t<\/div>\n\t\t\t\t<\/div>\n\t\t\t\t<\/div>\n\t\t","protected":false},"excerpt":{"rendered":"<p>\u00dcber uns Wir sind Experten f\u00fcr die Lieferung von hochwertigen Industriemaschinen, die auf die unterschiedlichen Bed\u00fcrfnisse unserer Kunden zugeschnitten sind. Mit unserer umfassenden Branchenkenntnis und unserem Engagement f\u00fcr Spitzenleistungen sorgen wir f\u00fcr innovative L\u00f6sungen und zuverl\u00e4ssige Unterst\u00fctzung, um Ihr Unternehmen voranzubringen. Seika Sangyo Hauptsitz in D\u00fcsseldorf SEIKA SANGYO GmbH ist eine Tochtergesellschaft der Seika Corporation, [&hellip;]<\/p>\n","protected":false},"author":5,"featured_media":0,"parent":0,"menu_order":0,"comment_status":"closed","ping_status":"closed","template":"elementor_header_footer","meta":{"footnotes":""},"class_list":["post-3432","page","type-page","status-publish","hentry"],"_links":{"self":[{"href":"https:\/\/sei.friendventure.dev\/de\/wp-json\/wp\/v2\/pages\/3432"}],"collection":[{"href":"https:\/\/sei.friendventure.dev\/de\/wp-json\/wp\/v2\/pages"}],"about":[{"href":"https:\/\/sei.friendventure.dev\/de\/wp-json\/wp\/v2\/types\/page"}],"author":[{"embeddable":true,"href":"https:\/\/sei.friendventure.dev\/de\/wp-json\/wp\/v2\/users\/5"}],"replies":[{"embeddable":true,"href":"https:\/\/sei.friendventure.dev\/de\/wp-json\/wp\/v2\/comments?post=3432"}],"version-history":[{"count":2,"href":"https:\/\/sei.friendventure.dev\/de\/wp-json\/wp\/v2\/pages\/3432\/revisions"}],"predecessor-version":[{"id":4437,"href":"https:\/\/sei.friendventure.dev\/de\/wp-json\/wp\/v2\/pages\/3432\/revisions\/4437"}],"wp:attachment":[{"href":"https:\/\/sei.friendventure.dev\/de\/wp-json\/wp\/v2\/media?parent=3432"}],"curies":[{"name":"wp","href":"https:\/\/api.w.org\/{rel}","templated":true}]}}