{"id":3461,"date":"2024-09-02T08:51:40","date_gmt":"2024-09-02T08:51:40","guid":{"rendered":"https:\/\/seika-europe.com\/messgeraete\/"},"modified":"2025-02-12T18:01:55","modified_gmt":"2025-02-12T18:01:55","slug":"messgeraete","status":"publish","type":"page","link":"https:\/\/sei.friendventure.dev\/de\/messgeraete\/","title":{"rendered":"Messger\u00e4te"},"content":{"rendered":"\t\t<div data-elementor-type=\"wp-page\" data-elementor-id=\"3461\" class=\"elementor elementor-3461 elementor-472\" data-elementor-post-type=\"page\">\n\t\t\t\t<div class=\"elementor-element elementor-element-1d28249 e-con-full e-flex e-con e-parent\" data-id=\"1d28249\" data-element_type=\"container\" data-settings=\"{&quot;background_background&quot;:&quot;classic&quot;,&quot;jet_parallax_layout_list&quot;:[]}\">\n\t\t\t\t<div class=\"elementor-element elementor-element-679d556 elementor-widget__width-initial elementor-widget elementor-widget-heading\" data-id=\"679d556\" data-element_type=\"widget\" data-widget_type=\"heading.default\">\n\t\t\t\t<div class=\"elementor-widget-container\">\n\t\t\t\t\t<h1 class=\"elementor-heading-title elementor-size-default\">Messger\u00e4te<\/h1>\t\t\t\t<\/div>\n\t\t\t\t<\/div>\n\t\t\t\t<div class=\"elementor-element elementor-element-153baa1 elementor-widget__width-initial elementor-widget elementor-widget-text-editor\" data-id=\"153baa1\" data-element_type=\"widget\" data-widget_type=\"text-editor.default\">\n\t\t\t\t<div class=\"elementor-widget-container\">\n\t\t\t\t\t\t\t\t\t<p>Unser Angebot an hochpr\u00e4zisen Messger\u00e4ten wurde entwickelt, um den Anforderungen der modernen Industrie gerecht zu werden. Von fortschrittlichen Inspektionswerkzeugen bis hin zu hochmodernen Pr\u00fcfsystemen bieten wir zuverl\u00e4ssige L\u00f6sungen, um Genauigkeit, Qualit\u00e4t und Leistung zu gew\u00e4hrleisten.<\/p>\n\t\t\t\t\t\t\t\t<\/div>\n\t\t\t\t<\/div>\n\t\t\t\t<div class=\"elementor-element elementor-element-19d06cd elementor-widget__width-initial elementor-widget elementor-widget-button\" data-id=\"19d06cd\" data-element_type=\"widget\" data-widget_type=\"button.default\">\n\t\t\t\t<div class=\"elementor-widget-container\">\n\t\t\t\t\t\t\t\t\t<div class=\"elementor-button-wrapper\">\n\t\t\t\t\t<a class=\"elementor-button elementor-button-link elementor-size-sm\" href=\"#contact\">\n\t\t\t\t\t\t<span class=\"elementor-button-content-wrapper\">\n\t\t\t\t\t\t\t\t\t<span class=\"elementor-button-text\">Buchen Sie einen Termin<\/span>\n\t\t\t\t\t<\/span>\n\t\t\t\t\t<\/a>\n\t\t\t\t<\/div>\n\t\t\t\t\t\t\t\t<\/div>\n\t\t\t\t<\/div>\n\t\t\t\t<\/div>\n\t\t<div class=\"elementor-element elementor-element-9ca91da e-flex e-con-boxed e-con e-parent\" data-id=\"9ca91da\" data-element_type=\"container\" data-settings=\"{&quot;jet_parallax_layout_list&quot;:[]}\">\n\t\t\t\t\t<div class=\"e-con-inner\">\n\t\t\t\t<div class=\"elementor-element elementor-element-2542dd1 elementor-widget elementor-widget-text-editor\" data-id=\"2542dd1\" data-element_type=\"widget\" data-widget_type=\"text-editor.default\">\n\t\t\t\t<div class=\"elementor-widget-container\">\n\t\t\t\t\t\t\t\t\t<p>Unser Angebot an hochpr\u00e4zisen Messger\u00e4ten wurde entwickelt, um den Anforderungen der modernen Industrie gerecht zu werden. Von fortschrittlichen Inspektionswerkzeugen bis hin zu hochmodernen Pr\u00fcfsystemen bieten wir zuverl\u00e4ssige L\u00f6sungen, um Genauigkeit, Qualit\u00e4t und Leistung zu gew\u00e4hrleisten. Unsere Produkte sind auf Innovation und Langlebigkeit ausgerichtet und werden in verschiedenen Sektoren wie der Automobil-, Elektronik- und Fertigungsindustrie eingesetzt. Bei uns erhalten Sie fachkundige Beratung und ein Portfolio von Instrumenten, auf die Sie sich verlassen k\u00f6nnen, um jedes Mal pr\u00e4zise Ergebnisse zu erzielen.<\/p>\n\t\t\t\t\t\t\t\t<\/div>\n\t\t\t\t<\/div>\n\t\t\t\t\t<\/div>\n\t\t\t\t<\/div>\n\t\t<div class=\"elementor-element elementor-element-8b472de e-flex e-con-boxed e-con e-parent\" data-id=\"8b472de\" data-element_type=\"container\" data-settings=\"{&quot;jet_parallax_layout_list&quot;:[]}\">\n\t\t\t\t\t<div class=\"e-con-inner\">\n\t\t<a class=\"elementor-element elementor-element-171ad8f e-flex e-con-boxed e-con e-child\" data-id=\"171ad8f\" data-element_type=\"container\" data-settings=\"{&quot;background_background&quot;:&quot;classic&quot;,&quot;jet_parallax_layout_list&quot;:[]}\" href=\"https:\/\/sei.friendventure.dev\/produkte\/desktop-portable-water-quality-analyzer\/\">\n\t\t\t\t\t<div class=\"e-con-inner\">\n\t\t\t\t<div class=\"elementor-element elementor-element-a75f4a7 elementor-widget elementor-widget-image\" data-id=\"a75f4a7\" data-element_type=\"widget\" data-widget_type=\"image.default\">\n\t\t\t\t<div class=\"elementor-widget-container\">\n\t\t\t\t\t\t\t\t\t\t\t\t\t\t\t<img fetchpriority=\"high\" decoding=\"async\" width=\"362\" height=\"381\" src=\"https:\/\/sei.friendventure.dev\/wp-content\/uploads\/2024\/12\/WQC-30-1.png\" class=\"attachment-full size-full wp-image-3414\" alt=\"\" srcset=\"https:\/\/sei.friendventure.dev\/wp-content\/uploads\/2024\/12\/WQC-30-1.png 362w, https:\/\/sei.friendventure.dev\/wp-content\/uploads\/2024\/12\/WQC-30-1-285x300.png 285w\" sizes=\"(max-width: 362px) 100vw, 362px\" \/>\t\t\t\t\t\t\t\t\t\t\t\t\t\t\t<\/div>\n\t\t\t\t<\/div>\n\t\t\t\t<div class=\"elementor-element elementor-element-9da8225 elementor-widget elementor-widget-heading\" data-id=\"9da8225\" data-element_type=\"widget\" data-widget_type=\"heading.default\">\n\t\t\t\t<div class=\"elementor-widget-container\">\n\t\t\t\t\t<h2 class=\"elementor-heading-title elementor-size-default\">TOA DKK<\/h2>\t\t\t\t<\/div>\n\t\t\t\t<\/div>\n\t\t\t\t\t<\/div>\n\t\t\t\t<\/a>\n\t\t<a class=\"elementor-element elementor-element-4fb574e e-con-full e-flex e-con e-child\" data-id=\"4fb574e\" data-element_type=\"container\" data-settings=\"{&quot;background_background&quot;:&quot;classic&quot;,&quot;jet_parallax_layout_list&quot;:[]}\" href=\"https:\/\/sei.friendventure.dev\/produkte\/chino-infrared-multiple-constituents-analyzer\/\">\n\t\t\t\t<div class=\"elementor-element elementor-element-6d62137 elementor-widget elementor-widget-image\" data-id=\"6d62137\" data-element_type=\"widget\" data-widget_type=\"image.default\">\n\t\t\t\t<div class=\"elementor-widget-container\">\n\t\t\t\t\t\t\t\t\t\t\t\t\t\t\t<img decoding=\"async\" width=\"320\" height=\"320\" src=\"https:\/\/sei.friendventure.dev\/wp-content\/uploads\/2024\/12\/Chino-irmd.png\" class=\"attachment-full size-full wp-image-3413\" alt=\"\" srcset=\"https:\/\/sei.friendventure.dev\/wp-content\/uploads\/2024\/12\/Chino-irmd.png 320w, https:\/\/sei.friendventure.dev\/wp-content\/uploads\/2024\/12\/Chino-irmd-300x300.png 300w, https:\/\/sei.friendventure.dev\/wp-content\/uploads\/2024\/12\/Chino-irmd-150x150.png 150w\" sizes=\"(max-width: 320px) 100vw, 320px\" \/>\t\t\t\t\t\t\t\t\t\t\t\t\t\t\t<\/div>\n\t\t\t\t<\/div>\n\t\t\t\t<div class=\"elementor-element elementor-element-50ed20e elementor-widget elementor-widget-heading\" data-id=\"50ed20e\" data-element_type=\"widget\" data-widget_type=\"heading.default\">\n\t\t\t\t<div class=\"elementor-widget-container\">\n\t\t\t\t\t<h2 class=\"elementor-heading-title elementor-size-default\">CHINO<\/h2>\t\t\t\t<\/div>\n\t\t\t\t<\/div>\n\t\t\t\t<\/a>\n\t\t<a class=\"elementor-element elementor-element-daa7e1c e-con-full e-flex e-con e-child\" data-id=\"daa7e1c\" data-element_type=\"container\" data-settings=\"{&quot;background_background&quot;:&quot;classic&quot;,&quot;jet_parallax_layout_list&quot;:[]}\" href=\"https:\/\/sei.friendventure.dev\/de\/messgeraete\/morita-tech\/\">\n\t\t\t\t<div class=\"elementor-element elementor-element-f05f2cf elementor-widget__width-initial elementor-widget elementor-widget-image\" data-id=\"f05f2cf\" data-element_type=\"widget\" data-widget_type=\"image.default\">\n\t\t\t\t<div class=\"elementor-widget-container\">\n\t\t\t\t\t\t\t\t\t\t\t\t\t\t\t<img decoding=\"async\" width=\"486\" height=\"592\" src=\"https:\/\/sei.friendventure.dev\/wp-content\/uploads\/2024\/12\/fs1901.png\" class=\"attachment-full size-full wp-image-3380\" alt=\"\" srcset=\"https:\/\/sei.friendventure.dev\/wp-content\/uploads\/2024\/12\/fs1901.png 486w, https:\/\/sei.friendventure.dev\/wp-content\/uploads\/2024\/12\/fs1901-246x300.png 246w\" sizes=\"(max-width: 486px) 100vw, 486px\" \/>\t\t\t\t\t\t\t\t\t\t\t\t\t\t\t<\/div>\n\t\t\t\t<\/div>\n\t\t\t\t<div class=\"elementor-element elementor-element-bdd4872 elementor-widget elementor-widget-heading\" data-id=\"bdd4872\" data-element_type=\"widget\" data-widget_type=\"heading.default\">\n\t\t\t\t<div class=\"elementor-widget-container\">\n\t\t\t\t\t<h2 class=\"elementor-heading-title elementor-size-default\">MORITA TECH<\/h2>\t\t\t\t<\/div>\n\t\t\t\t<\/div>\n\t\t\t\t<\/a>\n\t\t\t\t\t<\/div>\n\t\t\t\t<\/div>\n\t\t<div class=\"elementor-element elementor-element-6afeaf6 e-flex e-con-boxed e-con e-parent\" data-id=\"6afeaf6\" data-element_type=\"container\" data-settings=\"{&quot;jet_parallax_layout_list&quot;:[]}\">\n\t\t\t\t\t<div class=\"e-con-inner\">\n\t\t\t\t<div class=\"elementor-element elementor-element-43188dd elementor-widget elementor-widget-heading\" data-id=\"43188dd\" data-element_type=\"widget\" data-widget_type=\"heading.default\">\n\t\t\t\t<div class=\"elementor-widget-container\">\n\t\t\t\t\t<h2 class=\"elementor-heading-title elementor-size-default\">Partner<\/h2>\t\t\t\t<\/div>\n\t\t\t\t<\/div>\n\t\t<div class=\"elementor-element elementor-element-64c3129 e-con-full e-flex e-con e-child\" data-id=\"64c3129\" data-element_type=\"container\" data-settings=\"{&quot;jet_parallax_layout_list&quot;:[]}\">\n\t\t\t\t<div class=\"elementor-element elementor-element-c52107c elementor-widget-mobile__width-inherit elementor-widget__width-initial elementor-widget elementor-widget-image\" data-id=\"c52107c\" data-element_type=\"widget\" data-widget_type=\"image.default\">\n\t\t\t\t<div class=\"elementor-widget-container\">\n\t\t\t\t\t\t\t\t\t\t\t\t\t\t\t<img loading=\"lazy\" decoding=\"async\" width=\"176\" height=\"176\" src=\"https:\/\/sei.friendventure.dev\/wp-content\/uploads\/2024\/08\/Toa-1.png\" class=\"attachment-large size-large wp-image-3128\" alt=\"\" srcset=\"https:\/\/sei.friendventure.dev\/wp-content\/uploads\/2024\/08\/Toa-1.png 176w, https:\/\/sei.friendventure.dev\/wp-content\/uploads\/2024\/08\/Toa-1-150x150.png 150w\" sizes=\"(max-width: 176px) 100vw, 176px\" \/>\t\t\t\t\t\t\t\t\t\t\t\t\t\t\t<\/div>\n\t\t\t\t<\/div>\n\t\t\t\t<div class=\"elementor-element elementor-element-0a88687 elementor-widget-mobile__width-inherit elementor-widget__width-initial elementor-widget elementor-widget-image\" data-id=\"0a88687\" data-element_type=\"widget\" data-widget_type=\"image.default\">\n\t\t\t\t<div class=\"elementor-widget-container\">\n\t\t\t\t\t\t\t\t\t\t\t\t\t\t\t<img loading=\"lazy\" decoding=\"async\" width=\"251\" height=\"60\" src=\"https:\/\/sei.friendventure.dev\/wp-content\/uploads\/2024\/08\/Chino-logo.png\" class=\"attachment-large size-large wp-image-3123\" alt=\"\" \/>\t\t\t\t\t\t\t\t\t\t\t\t\t\t\t<\/div>\n\t\t\t\t<\/div>\n\t\t\t\t<div class=\"elementor-element elementor-element-3669ad2 elementor-widget-mobile__width-inherit elementor-widget__width-initial elementor-widget elementor-widget-image\" data-id=\"3669ad2\" data-element_type=\"widget\" data-widget_type=\"image.default\">\n\t\t\t\t<div class=\"elementor-widget-container\">\n\t\t\t\t\t\t\t\t\t\t\t\t\t\t\t<img loading=\"lazy\" decoding=\"async\" width=\"800\" height=\"570\" src=\"https:\/\/sei.friendventure.dev\/wp-content\/uploads\/2024\/08\/\u30ed\u30b4\u30de\u30fc\u30af\uff0b\u82f1\u6587\u30ed\u30b4\uff3b\u30ab\u30e9\u30fc\uff3d-01-1-scaled-1-1024x730.jpg\" class=\"attachment-large size-large wp-image-3133\" alt=\"\" srcset=\"https:\/\/sei.friendventure.dev\/wp-content\/uploads\/2024\/08\/\u30ed\u30b4\u30de\u30fc\u30af\uff0b\u82f1\u6587\u30ed\u30b4\uff3b\u30ab\u30e9\u30fc\uff3d-01-1-scaled-1-1024x730.jpg 1024w, https:\/\/sei.friendventure.dev\/wp-content\/uploads\/2024\/08\/\u30ed\u30b4\u30de\u30fc\u30af\uff0b\u82f1\u6587\u30ed\u30b4\uff3b\u30ab\u30e9\u30fc\uff3d-01-1-scaled-1-300x214.jpg 300w, https:\/\/sei.friendventure.dev\/wp-content\/uploads\/2024\/08\/\u30ed\u30b4\u30de\u30fc\u30af\uff0b\u82f1\u6587\u30ed\u30b4\uff3b\u30ab\u30e9\u30fc\uff3d-01-1-scaled-1-768x548.jpg 768w, https:\/\/sei.friendventure.dev\/wp-content\/uploads\/2024\/08\/\u30ed\u30b4\u30de\u30fc\u30af\uff0b\u82f1\u6587\u30ed\u30b4\uff3b\u30ab\u30e9\u30fc\uff3d-01-1-scaled-1-1536x1095.jpg 1536w, https:\/\/sei.friendventure.dev\/wp-content\/uploads\/2024\/08\/\u30ed\u30b4\u30de\u30fc\u30af\uff0b\u82f1\u6587\u30ed\u30b4\uff3b\u30ab\u30e9\u30fc\uff3d-01-1-scaled-1-2048x1460.jpg 2048w\" sizes=\"(max-width: 800px) 100vw, 800px\" \/>\t\t\t\t\t\t\t\t\t\t\t\t\t\t\t<\/div>\n\t\t\t\t<\/div>\n\t\t\t\t<\/div>\n\t\t\t\t\t<\/div>\n\t\t\t\t<\/div>\n\t\t<div class=\"elementor-element elementor-element-89bc841 e-flex e-con-boxed e-con e-parent\" data-id=\"89bc841\" data-element_type=\"container\" id=\"contact\" data-settings=\"{&quot;jet_parallax_layout_list&quot;:[]}\">\n\t\t\t\t\t<div class=\"e-con-inner\">\n\t\t<div class=\"elementor-element elementor-element-117aaac e-con-full e-flex e-con e-child\" data-id=\"117aaac\" data-element_type=\"container\" data-settings=\"{&quot;background_background&quot;:&quot;classic&quot;,&quot;jet_parallax_layout_list&quot;:[]}\">\n\t\t<div class=\"elementor-element elementor-element-42233db e-con-full e-flex e-con e-child\" data-id=\"42233db\" data-element_type=\"container\" data-settings=\"{&quot;jet_parallax_layout_list&quot;:[]}\">\n\t\t<div class=\"elementor-element elementor-element-43fa4e2 e-con-full e-flex e-con e-child\" data-id=\"43fa4e2\" data-element_type=\"container\" data-settings=\"{&quot;jet_parallax_layout_list&quot;:[]}\">\n\t\t\t\t<div class=\"elementor-element elementor-element-bceccf7 elementor-widget elementor-widget-heading\" data-id=\"bceccf7\" data-element_type=\"widget\" data-widget_type=\"heading.default\">\n\t\t\t\t<div class=\"elementor-widget-container\">\n\t\t\t\t\t<p class=\"elementor-heading-title elementor-size-default\">Ihre Kontaktperson<\/p>\t\t\t\t<\/div>\n\t\t\t\t<\/div>\n\t\t\t\t<div class=\"elementor-element elementor-element-e509143 elementor-widget elementor-widget-heading\" data-id=\"e509143\" data-element_type=\"widget\" data-widget_type=\"heading.default\">\n\t\t\t\t<div class=\"elementor-widget-container\">\n\t\t\t\t\t<h2 class=\"elementor-heading-title elementor-size-default\">Yuichi Hatsune<\/h2>\t\t\t\t<\/div>\n\t\t\t\t<\/div>\n\t\t\t\t<\/div>\n\t\t\t\t<div class=\"elementor-element elementor-element-090ee2a elementor-align-left elementor-icon-list--layout-traditional elementor-list-item-link-full_width elementor-widget elementor-widget-icon-list\" data-id=\"090ee2a\" data-element_type=\"widget\" data-widget_type=\"icon-list.default\">\n\t\t\t\t<div class=\"elementor-widget-container\">\n\t\t\t\t\t\t\t<ul class=\"elementor-icon-list-items\">\n\t\t\t\t\t\t\t<li class=\"elementor-icon-list-item\">\n\t\t\t\t\t\t\t\t\t\t\t<a href=\"mailto:hatsune@seika-germany.com\">\n\n\t\t\t\t\t\t\t\t\t\t\t\t<span class=\"elementor-icon-list-icon\">\n\t\t\t\t\t\t\t<svg aria-hidden=\"true\" class=\"e-font-icon-svg e-fas-envelope\" viewBox=\"0 0 512 512\" xmlns=\"http:\/\/www.w3.org\/2000\/svg\"><path d=\"M502.3 190.8c3.9-3.1 9.7-.2 9.7 4.7V400c0 26.5-21.5 48-48 48H48c-26.5 0-48-21.5-48-48V195.6c0-5 5.7-7.8 9.7-4.7 22.4 17.4 52.1 39.5 154.1 113.6 21.1 15.4 56.7 47.8 92.2 47.6 35.7.3 72-32.8 92.3-47.6 102-74.1 131.6-96.3 154-113.7zM256 320c23.2.4 56.6-29.2 73.4-41.4 132.7-96.3 142.8-104.7 173.4-128.7 5.8-4.5 9.2-11.5 9.2-18.9v-19c0-26.5-21.5-48-48-48H48C21.5 64 0 85.5 0 112v19c0 7.4 3.4 14.3 9.2 18.9 30.6 23.9 40.7 32.4 173.4 128.7 16.8 12.2 50.2 41.8 73.4 41.4z\"><\/path><\/svg>\t\t\t\t\t\t<\/span>\n\t\t\t\t\t\t\t\t\t\t<span class=\"elementor-icon-list-text\">hatsune@seika-germany.com<\/span>\n\t\t\t\t\t\t\t\t\t\t\t<\/a>\n\t\t\t\t\t\t\t\t\t<\/li>\n\t\t\t\t\t\t\t\t<li class=\"elementor-icon-list-item\">\n\t\t\t\t\t\t\t\t\t\t\t<a href=\"tel:+492114158116\">\n\n\t\t\t\t\t\t\t\t\t\t\t\t<span class=\"elementor-icon-list-icon\">\n\t\t\t\t\t\t\t<svg aria-hidden=\"true\" class=\"e-font-icon-svg e-fas-phone-alt\" viewBox=\"0 0 512 512\" xmlns=\"http:\/\/www.w3.org\/2000\/svg\"><path d=\"M497.39 361.8l-112-48a24 24 0 0 0-28 6.9l-49.6 60.6A370.66 370.66 0 0 1 130.6 204.11l60.6-49.6a23.94 23.94 0 0 0 6.9-28l-48-112A24.16 24.16 0 0 0 122.6.61l-104 24A24 24 0 0 0 0 48c0 256.5 207.9 464 464 464a24 24 0 0 0 23.4-18.6l24-104a24.29 24.29 0 0 0-14.01-27.6z\"><\/path><\/svg>\t\t\t\t\t\t<\/span>\n\t\t\t\t\t\t\t\t\t\t<span class=\"elementor-icon-list-text\">+49 (0) 211 - 41 58 116<\/span>\n\t\t\t\t\t\t\t\t\t\t\t<\/a>\n\t\t\t\t\t\t\t\t\t<\/li>\n\t\t\t\t\t\t\t\t<li class=\"elementor-icon-list-item\">\n\t\t\t\t\t\t\t\t\t\t\t<a href=\"tel:+491604086488\">\n\n\t\t\t\t\t\t\t\t\t\t\t\t<span class=\"elementor-icon-list-icon\">\n\t\t\t\t\t\t\t<svg aria-hidden=\"true\" class=\"e-font-icon-svg e-fas-mobile-alt\" viewBox=\"0 0 320 512\" xmlns=\"http:\/\/www.w3.org\/2000\/svg\"><path d=\"M272 0H48C21.5 0 0 21.5 0 48v416c0 26.5 21.5 48 48 48h224c26.5 0 48-21.5 48-48V48c0-26.5-21.5-48-48-48zM160 480c-17.7 0-32-14.3-32-32s14.3-32 32-32 32 14.3 32 32-14.3 32-32 32zm112-108c0 6.6-5.4 12-12 12H60c-6.6 0-12-5.4-12-12V60c0-6.6 5.4-12 12-12h200c6.6 0 12 5.4 12 12v312z\"><\/path><\/svg>\t\t\t\t\t\t<\/span>\n\t\t\t\t\t\t\t\t\t\t<span class=\"elementor-icon-list-text\">+49 (0) 162 4086 488<\/span>\n\t\t\t\t\t\t\t\t\t\t\t<\/a>\n\t\t\t\t\t\t\t\t\t<\/li>\n\t\t\t\t\t\t<\/ul>\n\t\t\t\t\t\t<\/div>\n\t\t\t\t<\/div>\n\t\t\t\t<div class=\"elementor-element elementor-element-f6d8463 elementor-widget elementor-widget-button\" data-id=\"f6d8463\" data-element_type=\"widget\" data-widget_type=\"button.default\">\n\t\t\t\t<div class=\"elementor-widget-container\">\n\t\t\t\t\t\t\t\t\t<div class=\"elementor-button-wrapper\">\n\t\t\t\t\t<a class=\"elementor-button elementor-button-link elementor-size-sm\" href=\"#\" id=\"request-quote-hatsune\">\n\t\t\t\t\t\t<span class=\"elementor-button-content-wrapper\">\n\t\t\t\t\t\t\t\t\t<span class=\"elementor-button-text\">Buchen Sie einen Termin<\/span>\n\t\t\t\t\t<\/span>\n\t\t\t\t\t<\/a>\n\t\t\t\t<\/div>\n\t\t\t\t\t\t\t\t<\/div>\n\t\t\t\t<\/div>\n\t\t\t\t<\/div>\n\t\t\t\t<div class=\"elementor-element elementor-element-a96190a elementor-hidden-desktop elementor-hidden-tablet elementor-hidden-mobile elementor-widget elementor-widget-image\" data-id=\"a96190a\" data-element_type=\"widget\" data-widget_type=\"image.default\">\n\t\t\t\t<div class=\"elementor-widget-container\">\n\t\t\t\t\t\t\t\t\t\t\t\t\t\t\t<img decoding=\"async\" src=\"https:\/\/sei.friendventure.dev\/wp-content\/plugins\/elementor\/assets\/images\/placeholder.png\" title=\"\" alt=\"\" loading=\"lazy\" \/>\t\t\t\t\t\t\t\t\t\t\t\t\t\t\t<\/div>\n\t\t\t\t<\/div>\n\t\t\t\t<div class=\"elementor-element elementor-element-4b95bc0 elementor-widget elementor-widget-stepbooking\" data-id=\"4b95bc0\" data-element_type=\"widget\" data-widget_type=\"stepbooking.default\">\n\t\t\t\t<div class=\"elementor-widget-container\">\n\t\t\t\t\t\n<script>\n  if (typeof hasAmeliaEntitiesApiCall === 'undefined' && 'request-quote-hatsune' === '') {\n    var hasAmeliaEntitiesApiCall = true;\n  }\n  var ameliaShortcodeData = (typeof ameliaShortcodeData === 'undefined') ? [] : ameliaShortcodeData;\n  ameliaShortcodeData.push(\n    {\n      'hasApiCall': (typeof hasAmeliaEntitiesApiCall !== 'undefined') && hasAmeliaEntitiesApiCall,\n      'trigger': 'request-quote-hatsune',\n      'trigger_type': 'id',\n      'triggered_form': 'sbsNew',\n      'in_dialog': '1',\n      'show': '',\n      'counter': '1000',\n      'category': '',\n      'service': '',\n      'employee': '10',\n      'location': '',\n      'package': ''\n    }\n  );\n\n  var ameliaShortcodeDataTriggered = (typeof ameliaShortcodeDataTriggered === 'undefined') ? [] : ameliaShortcodeDataTriggered;\n  if (ameliaShortcodeData[ameliaShortcodeData.length - 1].trigger !== '') {\n    if (ameliaShortcodeDataTriggered.filter(a => a.counter === ameliaShortcodeData[ameliaShortcodeData.length - 1].counter).length === 0) {\n      ameliaShortcodeDataTriggered.push(ameliaShortcodeData.pop());\n    } else {\n      ameliaShortcodeData.pop()\n    }\n  }\n  if (typeof hasAmeliaEntitiesApiCall !== 'undefined' && hasAmeliaEntitiesApiCall) {\n    hasAmeliaEntitiesApiCall = false;\n  }\n<\/script>\n\n<div\n  id=\"amelia-v2-booking-1000\"\n  class=\"amelia-v2-booking amelia-skip-load amelia-skip-load-1000\"\n >\n    <dialog-forms><\/dialog-forms><\/div>\n\t\t\t\t<\/div>\n\t\t\t\t<\/div>\n\t\t\t\t<\/div>\n\t\t\t\t\t<\/div>\n\t\t\t\t<\/div>\n\t\t\t\t<\/div>\n\t\t","protected":false},"excerpt":{"rendered":"<p>Messger\u00e4te Unser Angebot an hochpr\u00e4zisen Messger\u00e4ten wurde entwickelt, um den Anforderungen der modernen Industrie gerecht zu werden. Von fortschrittlichen Inspektionswerkzeugen bis hin zu hochmodernen Pr\u00fcfsystemen bieten wir zuverl\u00e4ssige L\u00f6sungen, um Genauigkeit, Qualit\u00e4t und Leistung zu gew\u00e4hrleisten. Buchen Sie einen Termin Unser Angebot an hochpr\u00e4zisen Messger\u00e4ten wurde entwickelt, um den Anforderungen der modernen Industrie gerecht zu [&hellip;]<\/p>\n","protected":false},"author":5,"featured_media":0,"parent":0,"menu_order":0,"comment_status":"closed","ping_status":"closed","template":"elementor_header_footer","meta":{"footnotes":""},"class_list":["post-3461","page","type-page","status-publish","hentry"],"_links":{"self":[{"href":"https:\/\/sei.friendventure.dev\/de\/wp-json\/wp\/v2\/pages\/3461"}],"collection":[{"href":"https:\/\/sei.friendventure.dev\/de\/wp-json\/wp\/v2\/pages"}],"about":[{"href":"https:\/\/sei.friendventure.dev\/de\/wp-json\/wp\/v2\/types\/page"}],"author":[{"embeddable":true,"href":"https:\/\/sei.friendventure.dev\/de\/wp-json\/wp\/v2\/users\/5"}],"replies":[{"embeddable":true,"href":"https:\/\/sei.friendventure.dev\/de\/wp-json\/wp\/v2\/comments?post=3461"}],"version-history":[{"count":3,"href":"https:\/\/sei.friendventure.dev\/de\/wp-json\/wp\/v2\/pages\/3461\/revisions"}],"predecessor-version":[{"id":3677,"href":"https:\/\/sei.friendventure.dev\/de\/wp-json\/wp\/v2\/pages\/3461\/revisions\/3677"}],"wp:attachment":[{"href":"https:\/\/sei.friendventure.dev\/de\/wp-json\/wp\/v2\/media?parent=3461"}],"curies":[{"name":"wp","href":"https:\/\/api.w.org\/{rel}","templated":true}]}}