{"id":3474,"date":"2024-09-05T13:47:56","date_gmt":"2024-09-05T13:47:56","guid":{"rendered":"https:\/\/seika-europe.com\/karriere\/"},"modified":"2025-01-23T16:57:27","modified_gmt":"2025-01-23T16:57:27","slug":"karriere","status":"publish","type":"page","link":"https:\/\/sei.friendventure.dev\/de\/karriere\/","title":{"rendered":"Karriere"},"content":{"rendered":"\t\t<div data-elementor-type=\"wp-page\" data-elementor-id=\"3474\" class=\"elementor elementor-3474 elementor-734\" data-elementor-post-type=\"page\">\n\t\t\t\t<div class=\"elementor-element elementor-element-8ff996d e-con-full e-flex e-con e-parent\" data-id=\"8ff996d\" data-element_type=\"container\" data-settings=\"{&quot;background_background&quot;:&quot;classic&quot;,&quot;jet_parallax_layout_list&quot;:[]}\">\n\t\t\t\t<div class=\"elementor-element elementor-element-9e17213 elementor-widget__width-initial elementor-widget elementor-widget-heading\" data-id=\"9e17213\" data-element_type=\"widget\" data-widget_type=\"heading.default\">\n\t\t\t\t<div class=\"elementor-widget-container\">\n\t\t\t\t\t<h2 class=\"elementor-heading-title elementor-size-default\">Karriere<\/h2>\t\t\t\t<\/div>\n\t\t\t\t<\/div>\n\t\t\t\t<div class=\"elementor-element elementor-element-f3d7ffc elementor-widget__width-initial elementor-widget elementor-widget-text-editor\" data-id=\"f3d7ffc\" data-element_type=\"widget\" data-widget_type=\"text-editor.default\">\n\t\t\t\t<div class=\"elementor-widget-container\">\n\t\t\t\t\t\t\t\t\t<p>Wir bei SEIKA SANGYO glauben daran, dass wir Innovationen durch Pr\u00e4zisionstechnik und Automatisierungsl\u00f6sungen vorantreiben. Auch wenn wir derzeit keine konkreten Stellen zu besetzen haben, sind wir immer daran interessiert, mit talentierten Fachleuten in Kontakt zu treten, die unsere Leidenschaft f\u00fcr technische Spitzenleistungen und Innovationen in der industriellen Automatisierung teilen. <\/p>\n<p>Wir freuen uns \u00fcber Initiativbewerbungen von qualifizierten Mitarbeitern aus den Bereichen Robotik, Automatisierung, Technik und technischer Vertrieb. Wenn Sie sich f\u00fcr industrielle Spitzentechnologie begeistern und Teil eines globalen Unternehmens mit einer starken Pr\u00e4senz in Europa und Asien sein wollen, w\u00fcrden wir uns freuen, von Ihnen zu h\u00f6ren. <\/p>\n<p>Bitte senden Sie Ihren Lebenslauf und Ihr Anschreiben an team@seika-germany.com. Erz\u00e4hlen Sie uns von Ihren Fachkenntnissen und Karrierew\u00fcnschen. Wir pr\u00fcfen alle Bewerbungen sorgf\u00e4ltig und bewahren sie f\u00fcr zuk\u00fcnftige Gelegenheiten auf.  <\/p>\n\t\t\t\t\t\t\t\t<\/div>\n\t\t\t\t<\/div>\n\t\t\t\t<\/div>\n\t\t\t\t<\/div>\n\t\t","protected":false},"excerpt":{"rendered":"<p>Karriere Wir bei SEIKA SANGYO glauben daran, dass wir Innovationen durch Pr\u00e4zisionstechnik und Automatisierungsl\u00f6sungen vorantreiben. Auch wenn wir derzeit keine konkreten Stellen zu besetzen haben, sind wir immer daran interessiert, mit talentierten Fachleuten in Kontakt zu treten, die unsere Leidenschaft f\u00fcr technische Spitzenleistungen und Innovationen in der industriellen Automatisierung teilen. Wir freuen uns \u00fcber Initiativbewerbungen [&hellip;]<\/p>\n","protected":false},"author":5,"featured_media":0,"parent":0,"menu_order":0,"comment_status":"closed","ping_status":"closed","template":"elementor_header_footer","meta":{"footnotes":""},"class_list":["post-3474","page","type-page","status-publish","hentry"],"_links":{"self":[{"href":"https:\/\/sei.friendventure.dev\/de\/wp-json\/wp\/v2\/pages\/3474"}],"collection":[{"href":"https:\/\/sei.friendventure.dev\/de\/wp-json\/wp\/v2\/pages"}],"about":[{"href":"https:\/\/sei.friendventure.dev\/de\/wp-json\/wp\/v2\/types\/page"}],"author":[{"embeddable":true,"href":"https:\/\/sei.friendventure.dev\/de\/wp-json\/wp\/v2\/users\/5"}],"replies":[{"embeddable":true,"href":"https:\/\/sei.friendventure.dev\/de\/wp-json\/wp\/v2\/comments?post=3474"}],"version-history":[{"count":1,"href":"https:\/\/sei.friendventure.dev\/de\/wp-json\/wp\/v2\/pages\/3474\/revisions"}],"predecessor-version":[{"id":3475,"href":"https:\/\/sei.friendventure.dev\/de\/wp-json\/wp\/v2\/pages\/3474\/revisions\/3475"}],"wp:attachment":[{"href":"https:\/\/sei.friendventure.dev\/de\/wp-json\/wp\/v2\/media?parent=3474"}],"curies":[{"name":"wp","href":"https:\/\/api.w.org\/{rel}","templated":true}]}}