{"id":4691,"date":"2025-09-26T10:53:48","date_gmt":"2025-09-26T10:53:48","guid":{"rendered":"https:\/\/seika-europe.com\/emc-noise-scanner\/"},"modified":"2026-01-28T09:25:28","modified_gmt":"2026-01-28T09:25:28","slug":"emc-noise-scanner","status":"publish","type":"page","link":"https:\/\/sei.friendventure.dev\/de\/emc-noise-scanner\/","title":{"rendered":"EMC Noise Scanner"},"content":{"rendered":"\t\t<div data-elementor-type=\"wp-page\" data-elementor-id=\"4691\" class=\"elementor elementor-4691 elementor-4665\" data-elementor-post-type=\"page\">\n\t\t\t\t<div class=\"elementor-element elementor-element-923943d e-flex e-con-boxed e-con e-parent\" data-id=\"923943d\" data-element_type=\"container\" data-settings=\"{&quot;background_background&quot;:&quot;gradient&quot;,&quot;jet_parallax_layout_list&quot;:[]}\">\n\t\t\t\t\t<div class=\"e-con-inner\">\n\t\t<div class=\"elementor-element elementor-element-6e2d0aa e-con-full e-flex e-con e-child\" data-id=\"6e2d0aa\" data-element_type=\"container\" data-settings=\"{&quot;jet_parallax_layout_list&quot;:[]}\">\n\t\t\t\t<div class=\"elementor-element elementor-element-bc13c88 elementor-widget elementor-widget-heading\" data-id=\"bc13c88\" data-element_type=\"widget\" data-widget_type=\"heading.default\">\n\t\t\t\t<div class=\"elementor-widget-container\">\n\t\t\t\t\t<h1 class=\"elementor-heading-title elementor-size-default\">Morita-Tech Desktop EMC Ger\u00e4usch-Scanner<\/h1>\t\t\t\t<\/div>\n\t\t\t\t<\/div>\n\t\t\t\t<div class=\"elementor-element elementor-element-614929f elementor-widget__width-auto elementor-widget elementor-widget-button\" data-id=\"614929f\" data-element_type=\"widget\" data-widget_type=\"button.default\">\n\t\t\t\t<div class=\"elementor-widget-container\">\n\t\t\t\t\t\t\t\t\t<div class=\"elementor-button-wrapper\">\n\t\t\t\t\t<a class=\"elementor-button elementor-button-link elementor-size-sm\" href=\"https:\/\/sei.friendventure.dev\/wp-content\/uploads\/2025\/12\/MORITA-TECH-Solutions-Guide-V03.pdf\">\n\t\t\t\t\t\t<span class=\"elementor-button-content-wrapper\">\n\t\t\t\t\t\t\t\t\t<span class=\"elementor-button-text\">EMC L\u00e4rm-Scanner Brosch\u00fcre  <\/span>\n\t\t\t\t\t<\/span>\n\t\t\t\t\t<\/a>\n\t\t\t\t<\/div>\n\t\t\t\t\t\t\t\t<\/div>\n\t\t\t\t<\/div>\n\t\t\t\t<\/div>\n\t\t<div class=\"elementor-element elementor-element-d232dab e-flex e-con-boxed e-con e-child\" data-id=\"d232dab\" data-element_type=\"container\" data-settings=\"{&quot;jet_parallax_layout_list&quot;:[]}\">\n\t\t\t\t\t<div class=\"e-con-inner\">\n\t\t\t\t<div class=\"elementor-element elementor-element-bdc444b elementor-widget elementor-widget-image\" data-id=\"bdc444b\" data-element_type=\"widget\" data-widget_type=\"image.default\">\n\t\t\t\t<div class=\"elementor-widget-container\">\n\t\t\t\t\t\t\t\t\t\t\t\t\t\t\t<img fetchpriority=\"high\" decoding=\"async\" width=\"800\" height=\"534\" src=\"https:\/\/sei.friendventure.dev\/wp-content\/uploads\/2025\/09\/01-1024x683-1.png\" class=\"attachment-large size-large wp-image-4673\" alt=\"\" srcset=\"https:\/\/sei.friendventure.dev\/wp-content\/uploads\/2025\/09\/01-1024x683-1.png 1024w, https:\/\/sei.friendventure.dev\/wp-content\/uploads\/2025\/09\/01-1024x683-1-300x200.png 300w, https:\/\/sei.friendventure.dev\/wp-content\/uploads\/2025\/09\/01-1024x683-1-768x512.png 768w\" sizes=\"(max-width: 800px) 100vw, 800px\" \/>\t\t\t\t\t\t\t\t\t\t\t\t\t\t\t<\/div>\n\t\t\t\t<\/div>\n\t\t\t\t\t<\/div>\n\t\t\t\t<\/div>\n\t\t\t\t\t<\/div>\n\t\t\t\t<\/div>\n\t\t<div class=\"elementor-element elementor-element-99cc800 e-flex e-con-boxed e-con e-parent\" data-id=\"99cc800\" data-element_type=\"container\" data-settings=\"{&quot;jet_parallax_layout_list&quot;:[]}\">\n\t\t\t\t\t<div class=\"e-con-inner\">\n\t\t\t\t<div class=\"elementor-element elementor-element-7ab0f3d elementor-widget elementor-widget-image\" data-id=\"7ab0f3d\" data-element_type=\"widget\" data-widget_type=\"image.default\">\n\t\t\t\t<div class=\"elementor-widget-container\">\n\t\t\t\t\t\t\t\t\t\t\t\t\t\t\t\t<a href=\"https:\/\/sei.friendventure.dev\/de\/produkte\/morita-tech-desktop-rausch-scanner-wm7400\/\">\n\t\t\t\t\t\t\t<img decoding=\"async\" width=\"800\" height=\"534\" src=\"https:\/\/sei.friendventure.dev\/wp-content\/uploads\/2024\/12\/WM7400_20230213_01-1024x683-1.jpg\" class=\"attachment-large size-large wp-image-3365\" alt=\"\" srcset=\"https:\/\/sei.friendventure.dev\/wp-content\/uploads\/2024\/12\/WM7400_20230213_01-1024x683-1.jpg 1024w, https:\/\/sei.friendventure.dev\/wp-content\/uploads\/2024\/12\/WM7400_20230213_01-1024x683-1-300x200.jpg 300w, https:\/\/sei.friendventure.dev\/wp-content\/uploads\/2024\/12\/WM7400_20230213_01-1024x683-1-768x512.jpg 768w\" sizes=\"(max-width: 800px) 100vw, 800px\" \/>\t\t\t\t\t\t\t\t<\/a>\n\t\t\t\t\t\t\t\t\t\t\t\t\t\t\t<\/div>\n\t\t\t\t<\/div>\n\t\t<div class=\"elementor-element elementor-element-2d3e659 e-con-full e-flex e-con e-child\" data-id=\"2d3e659\" data-element_type=\"container\" data-settings=\"{&quot;jet_parallax_layout_list&quot;:[]}\">\n\t\t\t\t<div class=\"elementor-element elementor-element-a6a2cde elementor-widget elementor-widget-heading\" data-id=\"a6a2cde\" data-element_type=\"widget\" data-widget_type=\"heading.default\">\n\t\t\t\t<div class=\"elementor-widget-container\">\n\t\t\t\t\t<h2 class=\"elementor-heading-title elementor-size-default\"><a href=\"https:\/\/sei.friendventure.dev\/de\/produkte\/morita-tech-desktop-rausch-scanner-wm7400\/\">Rauschscanner \nWM7400 (bis zum Format A4)<\/a><\/h2>\t\t\t\t<\/div>\n\t\t\t\t<\/div>\n\t\t\t\t<div class=\"elementor-element elementor-element-7cf545e elementor-widget elementor-widget-text-editor\" data-id=\"7cf545e\" data-element_type=\"widget\" data-widget_type=\"text-editor.default\">\n\t\t\t\t<div class=\"elementor-widget-container\">\n\t\t\t\t\t\t\t\t\t<p id=\"block-e63801ad-399e-4b95-baea-48e7d0b80b02\">Der WM7400 ist ein hochleistungsf\u00e4higer EMV-Rauschscanner, der Messungen bis zur Gr\u00f6\u00dfe eines A4-Formats durchf\u00fchren kann. Er ist in der Lage, Rauschen im 6-GHz-Band zu erkennen, den omnidirektionalen magnetischen Fluss zu messen und die Quelle der Erzeugung zu identifizieren.<\/p>\n<strong>Er deckt einen Frequenzbereich von 150 kHz bis 3 GHz bzw. 150 kHz bis 8 GHz ab.<\/strong>\n<p style=\"font-size: 13px;\">* Patent angemeldet<br>* Es sind anpassbare Messbereiche verf\u00fcgbar, die auf Ihre speziellen Bed\u00fcrfnisse zugeschnitten sind, mit Optionen f\u00fcr kleinere und gr\u00f6\u00dfere Gr\u00f6\u00dfen.<br>* \u00c4nderungen des Designs ohne vorherige Ank\u00fcndigung sind vorbehalten.<\/p>\t\t\t\t\t\t\t\t<\/div>\n\t\t\t\t<\/div>\n\t\t\t\t<div class=\"elementor-element elementor-element-4bb628f elementor-widget elementor-widget-button\" data-id=\"4bb628f\" data-element_type=\"widget\" data-widget_type=\"button.default\">\n\t\t\t\t<div class=\"elementor-widget-container\">\n\t\t\t\t\t\t\t\t\t<div class=\"elementor-button-wrapper\">\n\t\t\t\t\t<a class=\"elementor-button elementor-button-link elementor-size-sm\" href=\"https:\/\/sei.friendventure.dev\/wp-content\/uploads\/2024\/12\/English_wm7000.pdf\">\n\t\t\t\t\t\t<span class=\"elementor-button-content-wrapper\">\n\t\t\t\t\t\t<span class=\"elementor-button-icon\">\n\t\t\t\t<i aria-hidden=\"true\" class=\"icon icon-arrow-down-to-line\"><\/i>\t\t\t<\/span>\n\t\t\t\t\t\t\t\t\t<span class=\"elementor-button-text\">Brosch\u00fcre herunterladen<\/span>\n\t\t\t\t\t<\/span>\n\t\t\t\t\t<\/a>\n\t\t\t\t<\/div>\n\t\t\t\t\t\t\t\t<\/div>\n\t\t\t\t<\/div>\n\t\t\t\t<\/div>\n\t\t\t\t\t<\/div>\n\t\t\t\t<\/div>\n\t\t<div class=\"elementor-element elementor-element-8acf9e5 e-flex e-con-boxed e-con e-parent\" data-id=\"8acf9e5\" data-element_type=\"container\" data-settings=\"{&quot;jet_parallax_layout_list&quot;:[]}\">\n\t\t\t\t\t<div class=\"e-con-inner\">\n\t\t\t\t<div class=\"elementor-element elementor-element-635b266 elementor-widget elementor-widget-image\" data-id=\"635b266\" data-element_type=\"widget\" data-widget_type=\"image.default\">\n\t\t\t\t<div class=\"elementor-widget-container\">\n\t\t\t\t\t\t\t\t\t\t\t\t\t\t\t\t<a href=\"https:\/\/sei.friendventure.dev\/de\/produkte\/morita-tech-desktop-rausch-scanner-wm7400\/\">\n\t\t\t\t\t\t\t<img decoding=\"async\" width=\"800\" height=\"534\" src=\"https:\/\/sei.friendventure.dev\/wp-content\/uploads\/2025\/11\/20230213_06-scaled-1-1024x683.jpg\" class=\"attachment-large size-large wp-image-4824\" alt=\"\" srcset=\"https:\/\/sei.friendventure.dev\/wp-content\/uploads\/2025\/11\/20230213_06-scaled-1-1024x683.jpg 1024w, https:\/\/sei.friendventure.dev\/wp-content\/uploads\/2025\/11\/20230213_06-scaled-1-300x200.jpg 300w, https:\/\/sei.friendventure.dev\/wp-content\/uploads\/2025\/11\/20230213_06-scaled-1-768x512.jpg 768w, https:\/\/sei.friendventure.dev\/wp-content\/uploads\/2025\/11\/20230213_06-scaled-1-1536x1024.jpg 1536w, https:\/\/sei.friendventure.dev\/wp-content\/uploads\/2025\/11\/20230213_06-scaled-1-2048x1366.jpg 2048w\" sizes=\"(max-width: 800px) 100vw, 800px\" \/>\t\t\t\t\t\t\t\t<\/a>\n\t\t\t\t\t\t\t\t\t\t\t\t\t\t\t<\/div>\n\t\t\t\t<\/div>\n\t\t<div class=\"elementor-element elementor-element-8f575ed e-con-full e-flex e-con e-child\" data-id=\"8f575ed\" data-element_type=\"container\" data-settings=\"{&quot;jet_parallax_layout_list&quot;:[]}\">\n\t\t\t\t<div class=\"elementor-element elementor-element-7eeee9c elementor-widget elementor-widget-heading\" data-id=\"7eeee9c\" data-element_type=\"widget\" data-widget_type=\"heading.default\">\n\t\t\t\t<div class=\"elementor-widget-container\">\n\t\t\t\t\t<h2 class=\"elementor-heading-title elementor-size-default\"><a href=\"https:\/\/sei.friendventure.dev\/de\/produkte\/morita-tech-desktop-rausch-scanner-wm7400\/\">Rauschscanner \nWM7300 (bis zum Format A3)\n<\/a><\/h2>\t\t\t\t<\/div>\n\t\t\t\t<\/div>\n\t\t\t\t<div class=\"elementor-element elementor-element-40096f6 elementor-widget elementor-widget-text-editor\" data-id=\"40096f6\" data-element_type=\"widget\" data-widget_type=\"text-editor.default\">\n\t\t\t\t<div class=\"elementor-widget-container\">\n\t\t\t\t\t\t\t\t\t<p>Ein 6GHz-Wildband-Hochleistungs-EMV-L\u00e4rm-Scanner, der die Stelle identifizieren kann, an der omnidirektionaler L\u00e4rm in einem Scanbereich von bis zu A4-Gr\u00f6\u00dfe emittiert wird. Lange Kabel und gro\u00dfformatige Leiterplatten, die vom WM7400 nicht gemessen werden k\u00f6nnen, k\u00f6nnen vom WM7300 gemessen werden. <\/p><p><strong>Frequenzbereich\uff1a150KHz\uff5e3GHz\/150KHz~8GHz<\/strong><\/p><p style=\"font-size: 13px;\">* Der Scanner kann vom Entwurf bis zur Herstellung kundenspezifisch angefertigt werden, unabh\u00e4ngig davon, ob die Gr\u00f6\u00dfe der Zielobjekte kleiner als der Scanbereich ist oder ob es sich um gro\u00dfe Objekte handelt.<br>* Die Form kann ohne vorherige Ank\u00fcndigung ge\u00e4ndert werden, bitte beachten Sie dies.<br>* CISPR22 Patent angemeldet<\/p>\t\t\t\t\t\t\t\t<\/div>\n\t\t\t\t<\/div>\n\t\t\t\t<div class=\"elementor-element elementor-element-27b3fa5 elementor-widget elementor-widget-button\" data-id=\"27b3fa5\" data-element_type=\"widget\" data-widget_type=\"button.default\">\n\t\t\t\t<div class=\"elementor-widget-container\">\n\t\t\t\t\t\t\t\t\t<div class=\"elementor-button-wrapper\">\n\t\t\t\t\t<a class=\"elementor-button elementor-button-link elementor-size-sm\" href=\"https:\/\/sei.friendventure.dev\/wp-content\/uploads\/2024\/12\/English_wm7000.pdf\">\n\t\t\t\t\t\t<span class=\"elementor-button-content-wrapper\">\n\t\t\t\t\t\t<span class=\"elementor-button-icon\">\n\t\t\t\t<i aria-hidden=\"true\" class=\"icon icon-arrow-down-to-line\"><\/i>\t\t\t<\/span>\n\t\t\t\t\t\t\t\t\t<span class=\"elementor-button-text\">Brosch\u00fcre herunterladen<\/span>\n\t\t\t\t\t<\/span>\n\t\t\t\t\t<\/a>\n\t\t\t\t<\/div>\n\t\t\t\t\t\t\t\t<\/div>\n\t\t\t\t<\/div>\n\t\t\t\t<\/div>\n\t\t\t\t\t<\/div>\n\t\t\t\t<\/div>\n\t\t<div class=\"elementor-element elementor-element-101a520 e-flex e-con-boxed e-con e-parent\" data-id=\"101a520\" data-element_type=\"container\" data-settings=\"{&quot;jet_parallax_layout_list&quot;:[]}\">\n\t\t\t\t\t<div class=\"e-con-inner\">\n\t\t\t\t<div class=\"elementor-element elementor-element-5358948 elementor-widget elementor-widget-image\" data-id=\"5358948\" data-element_type=\"widget\" data-widget_type=\"image.default\">\n\t\t\t\t<div class=\"elementor-widget-container\">\n\t\t\t\t\t\t\t\t\t\t\t\t\t\t\t\t<a href=\"https:\/\/sei.friendventure.dev\/de\/produkte\/morita-tech-tragbarer-emc-rausch-scanner-wm9500\/\">\n\t\t\t\t\t\t\t<img loading=\"lazy\" decoding=\"async\" width=\"800\" height=\"534\" src=\"https:\/\/sei.friendventure.dev\/wp-content\/uploads\/2024\/12\/WM9500_20230213_15-1-1024x683-1.jpg\" class=\"attachment-large size-large wp-image-3367\" alt=\"\" srcset=\"https:\/\/sei.friendventure.dev\/wp-content\/uploads\/2024\/12\/WM9500_20230213_15-1-1024x683-1.jpg 1024w, https:\/\/sei.friendventure.dev\/wp-content\/uploads\/2024\/12\/WM9500_20230213_15-1-1024x683-1-300x200.jpg 300w, https:\/\/sei.friendventure.dev\/wp-content\/uploads\/2024\/12\/WM9500_20230213_15-1-1024x683-1-768x512.jpg 768w\" sizes=\"(max-width: 800px) 100vw, 800px\" \/>\t\t\t\t\t\t\t\t<\/a>\n\t\t\t\t\t\t\t\t\t\t\t\t\t\t\t<\/div>\n\t\t\t\t<\/div>\n\t\t<div class=\"elementor-element elementor-element-290f76d e-con-full e-flex e-con e-child\" data-id=\"290f76d\" data-element_type=\"container\" data-settings=\"{&quot;jet_parallax_layout_list&quot;:[]}\">\n\t\t\t\t<div class=\"elementor-element elementor-element-cc79a76 elementor-widget elementor-widget-heading\" data-id=\"cc79a76\" data-element_type=\"widget\" data-widget_type=\"heading.default\">\n\t\t\t\t<div class=\"elementor-widget-container\">\n\t\t\t\t\t<h2 class=\"elementor-heading-title elementor-size-default\"><a href=\"https:\/\/sei.friendventure.dev\/de\/produkte\/morita-tech-tragbarer-emc-rausch-scanner-wm9500\/\">3D-System zur Visualisierung r\u00e4umlicher elektromagnetischer Felder WM9500<\/a><\/h2>\t\t\t\t<\/div>\n\t\t\t\t<\/div>\n\t\t\t\t<div class=\"elementor-element elementor-element-e3d5320 elementor-widget elementor-widget-text-editor\" data-id=\"e3d5320\" data-element_type=\"widget\" data-widget_type=\"text-editor.default\">\n\t\t\t\t<div class=\"elementor-widget-container\">\n\t\t\t\t\t\t\t\t\t<h3 id=\"block-59fd2655-0513-4adf-98fc-0552dc4d00a5\">Ein einzigartiges, professionelles Tool, das durch 6-achsige 3D-Messungen die Aktionen und die Ausrichtung der Sensoren identifiziert und so die Ursachen von EMV-Problemen pr\u00e4zise ermitteln kann.<\/h3><p>3D-System zur Visualisierung des r\u00e4umlichen elektromagnetischen Feldes \uff08WM9500\uff09<br>Das 3D-System zur Visualisierung des r\u00e4umlichen elektromagnetischen Feldes (im Folgenden als dieses System bezeichnet) ist ein System, das darauf abzielt, die XYZ-Position im Raum mit einem tragbaren Koordinatensensor zu erfassen und das von dem zu messenden Objekt abgestrahlte Rauschen in 3D zu messen. ist. Sie k\u00f6nnen das Rauschen ganz einfach mit Ihrer Antenne oder Ihrem Sensor messen. Bei diesem System kann der Messpunkt im Raum beliebig festgelegt werden, was eine Rauschmessung mit einem hohen Freiheitsgrad im Vergleich zu herk\u00f6mmlichen Rauschmesssystemen erm\u00f6glicht.   <\/p><p>.<\/p>\t\t\t\t\t\t\t\t<\/div>\n\t\t\t\t<\/div>\n\t\t\t\t<div class=\"elementor-element elementor-element-00bb885 elementor-widget elementor-widget-button\" data-id=\"00bb885\" data-element_type=\"widget\" data-widget_type=\"button.default\">\n\t\t\t\t<div class=\"elementor-widget-container\">\n\t\t\t\t\t\t\t\t\t<div class=\"elementor-button-wrapper\">\n\t\t\t\t\t<a class=\"elementor-button elementor-button-link elementor-size-sm\" href=\"https:\/\/sei.friendventure.dev\/wp-content\/uploads\/2024\/12\/English_WM9500-2-1.pdf\">\n\t\t\t\t\t\t<span class=\"elementor-button-content-wrapper\">\n\t\t\t\t\t\t<span class=\"elementor-button-icon\">\n\t\t\t\t<i aria-hidden=\"true\" class=\"icon icon-arrow-down-to-line\"><\/i>\t\t\t<\/span>\n\t\t\t\t\t\t\t\t\t<span class=\"elementor-button-text\">Brosch\u00fcre herunterladen<\/span>\n\t\t\t\t\t<\/span>\n\t\t\t\t\t<\/a>\n\t\t\t\t<\/div>\n\t\t\t\t\t\t\t\t<\/div>\n\t\t\t\t<\/div>\n\t\t\t\t<\/div>\n\t\t\t\t\t<\/div>\n\t\t\t\t<\/div>\n\t\t<div class=\"elementor-element elementor-element-91e1170 e-flex e-con-boxed e-con e-parent\" data-id=\"91e1170\" data-element_type=\"container\" data-settings=\"{&quot;jet_parallax_layout_list&quot;:[]}\">\n\t\t\t\t\t<div class=\"e-con-inner\">\n\t\t\t\t<div class=\"elementor-element elementor-element-178b2f2 elementor-widget elementor-widget-image\" data-id=\"178b2f2\" data-element_type=\"widget\" data-widget_type=\"image.default\">\n\t\t\t\t<div class=\"elementor-widget-container\">\n\t\t\t\t\t\t\t\t\t\t\t\t\t\t\t\t<a href=\"https:\/\/sei.friendventure.dev\/de\/produkte\/emc-visualisierungssoftware-wmzero\/\">\n\t\t\t\t\t\t\t<img loading=\"lazy\" decoding=\"async\" width=\"800\" height=\"469\" src=\"https:\/\/sei.friendventure.dev\/wp-content\/uploads\/2025\/06\/measurement.png\" class=\"attachment-large size-large wp-image-4539\" alt=\"\" srcset=\"https:\/\/sei.friendventure.dev\/wp-content\/uploads\/2025\/06\/measurement.png 812w, https:\/\/sei.friendventure.dev\/wp-content\/uploads\/2025\/06\/measurement-300x176.png 300w, https:\/\/sei.friendventure.dev\/wp-content\/uploads\/2025\/06\/measurement-768x450.png 768w\" sizes=\"(max-width: 800px) 100vw, 800px\" \/>\t\t\t\t\t\t\t\t<\/a>\n\t\t\t\t\t\t\t\t\t\t\t\t\t\t\t<\/div>\n\t\t\t\t<\/div>\n\t\t<div class=\"elementor-element elementor-element-52d67fa e-con-full e-flex e-con e-child\" data-id=\"52d67fa\" data-element_type=\"container\" data-settings=\"{&quot;jet_parallax_layout_list&quot;:[]}\">\n\t\t\t\t<div class=\"elementor-element elementor-element-9a598fb elementor-widget elementor-widget-heading\" data-id=\"9a598fb\" data-element_type=\"widget\" data-widget_type=\"heading.default\">\n\t\t\t\t<div class=\"elementor-widget-container\">\n\t\t\t\t\t<h2 class=\"elementor-heading-title elementor-size-default\"><a href=\"https:\/\/sei.friendventure.dev\/de\/produkte\/morita-tech-tragbarer-emc-rausch-scanner-wm9500\/\">\nEMC-Visualisierungssoftware \u201eWMZERO\u201c<\/a><\/h2>\t\t\t\t<\/div>\n\t\t\t\t<\/div>\n\t\t\t\t<div class=\"elementor-element elementor-element-56a4813 elementor-widget elementor-widget-text-editor\" data-id=\"56a4813\" data-element_type=\"widget\" data-widget_type=\"text-editor.default\">\n\t\t\t\t<div class=\"elementor-widget-container\">\n\t\t\t\t\t\t\t\t\t<h3>WM-ZERO ist ein leistungsf\u00e4higes und dennoch erschwingliches EMI-Pre-Compliance-Tool, das f\u00fcr Ingenieure entwickelt wurde, die eine schnelle, flexible und kosteneffektive St\u00f6rungsdiagnose ben\u00f6tigen.<\/h3><h3>Software zur Visualisierung elektromagnetischer Wellen WMZERO<strong><br><\/strong><\/h3><p>Jeder Ingenieur besitzt ein Ger\u00e4t zur Visualisierung elektromagnetischer Wellen.<\/p><p>Die drei Merkmale des neuen Produkts &#8222;WMZERO&#8220;:<\/p><ul><li>Reduzieren Sie die Anfangskosten mit Ihrem eigenen Spektrumanalysator und Sonden<\/li><li>Abonnieren Sie unsere Software, um sie sofort nutzen zu k\u00f6nnen<\/li><li>Einfache Bedienung zur Visualisierung der Rauschverteilung (elektromagnetische Wellen) in Farbe<\/li><\/ul><p><strong> <\/strong><\/p>\t\t\t\t\t\t\t\t<\/div>\n\t\t\t\t<\/div>\n\t\t\t\t<div class=\"elementor-element elementor-element-225a318 elementor-widget elementor-widget-button\" data-id=\"225a318\" data-element_type=\"widget\" data-widget_type=\"button.default\">\n\t\t\t\t<div class=\"elementor-widget-container\">\n\t\t\t\t\t\t\t\t\t<div class=\"elementor-button-wrapper\">\n\t\t\t\t\t<a class=\"elementor-button elementor-button-link elementor-size-sm\" href=\"https:\/\/sei.friendventure.dev\/wp-content\/uploads\/2025\/06\/WMZERO-brochure.pdf\">\n\t\t\t\t\t\t<span class=\"elementor-button-content-wrapper\">\n\t\t\t\t\t\t<span class=\"elementor-button-icon\">\n\t\t\t\t<i aria-hidden=\"true\" class=\"icon icon-arrow-down-to-line\"><\/i>\t\t\t<\/span>\n\t\t\t\t\t\t\t\t\t<span class=\"elementor-button-text\">Brosch\u00fcre herunterladen<\/span>\n\t\t\t\t\t<\/span>\n\t\t\t\t\t<\/a>\n\t\t\t\t<\/div>\n\t\t\t\t\t\t\t\t<\/div>\n\t\t\t\t<\/div>\n\t\t\t\t<\/div>\n\t\t\t\t\t<\/div>\n\t\t\t\t<\/div>\n\t\t<div class=\"elementor-element elementor-element-195a27d e-flex e-con-boxed e-con e-parent\" data-id=\"195a27d\" data-element_type=\"container\" data-settings=\"{&quot;jet_parallax_layout_list&quot;:[]}\">\n\t\t\t\t\t<div class=\"e-con-inner\">\n\t\t\t\t\t<\/div>\n\t\t\t\t<\/div>\n\t\t\t\t<\/div>\n\t\t","protected":false},"excerpt":{"rendered":"<p>Morita-Tech Desktop EMC Ger\u00e4usch-Scanner EMC L\u00e4rm-Scanner Brosch\u00fcre Rauschscanner WM7400 (bis zum Format A4) Der WM7400 ist ein hochleistungsf\u00e4higer EMV-Rauschscanner, der Messungen bis zur Gr\u00f6\u00dfe eines A4-Formats durchf\u00fchren kann. Er ist in der Lage, Rauschen im 6-GHz-Band zu erkennen, den omnidirektionalen magnetischen Fluss zu messen und die Quelle der Erzeugung zu identifizieren. Er deckt einen Frequenzbereich [&hellip;]<\/p>\n","protected":false},"author":5,"featured_media":0,"parent":0,"menu_order":0,"comment_status":"closed","ping_status":"closed","template":"","meta":{"footnotes":""},"class_list":["post-4691","page","type-page","status-publish","hentry"],"_links":{"self":[{"href":"https:\/\/sei.friendventure.dev\/de\/wp-json\/wp\/v2\/pages\/4691"}],"collection":[{"href":"https:\/\/sei.friendventure.dev\/de\/wp-json\/wp\/v2\/pages"}],"about":[{"href":"https:\/\/sei.friendventure.dev\/de\/wp-json\/wp\/v2\/types\/page"}],"author":[{"embeddable":true,"href":"https:\/\/sei.friendventure.dev\/de\/wp-json\/wp\/v2\/users\/5"}],"replies":[{"embeddable":true,"href":"https:\/\/sei.friendventure.dev\/de\/wp-json\/wp\/v2\/comments?post=4691"}],"version-history":[{"count":4,"href":"https:\/\/sei.friendventure.dev\/de\/wp-json\/wp\/v2\/pages\/4691\/revisions"}],"predecessor-version":[{"id":4928,"href":"https:\/\/sei.friendventure.dev\/de\/wp-json\/wp\/v2\/pages\/4691\/revisions\/4928"}],"wp:attachment":[{"href":"https:\/\/sei.friendventure.dev\/de\/wp-json\/wp\/v2\/media?parent=4691"}],"curies":[{"name":"wp","href":"https:\/\/api.w.org\/{rel}","templated":true}]}}